{"id":6781,"date":"2025-08-05T19:32:18","date_gmt":"2025-08-05T19:32:18","guid":{"rendered":"https:\/\/www.inovexfoods.com\/products\/barico-ice-tea-lemon-flavored-syrup\/"},"modified":"2025-08-07T09:03:15","modified_gmt":"2025-08-07T09:03:15","slug":"barico-buzlu-cay-limon-aromali-surup","status":"publish","type":"product","link":"https:\/\/inovexfoods.com\/tr\/urun\/barico-buzlu-cay-limon-aromali-surup\/","title":{"rendered":"Barico Buzlu \u00c7ay Limon Aromal\u0131 \u015eurup"},"content":{"rendered":"<p>Barico Buzlu \u00c7ay Limon Aromal\u0131 \u015eurup<br \/>\n\ud83c\udf4b Canl\u0131, Serin ve Narenciye Dolu \ud83e\uddca<\/p>\n<p>Barico Ice Tea Limon Aromal\u0131 \u015eurup&#8217;un canl\u0131 ve ferahlat\u0131c\u0131 aromas\u0131yla s\u0131caktan korunun. Klasik buzlu \u00e7aya hayat veren canl\u0131, narenciye aromal\u0131 bir kar\u0131\u015f\u0131m. Taze s\u0131k\u0131lm\u0131\u015f limonlar\u0131n keskinli\u011fiyle zenginle\u015ftirilmi\u015f ve yumu\u015fak \u00e7ay notalar\u0131yla dengelenmi\u015f bu \u015furup, m\u00fckemmel bir bardak limonlu buzlu \u00e7aya giden en k\u0131sa yol.<\/p>\n<p>So\u011fuk su veya \u00e7ayla kar\u0131\u015ft\u0131r\u0131p \u00fczerine buz ekleyerek an\u0131nda susuzlu\u011funuzu giderin. Kafeler, restoranlar veya ev kullan\u0131m\u0131 i\u00e7in ideal olan bu \u015furup, ayn\u0131 zamanda alkols\u00fcz kokteyller, limonlu so\u011fuk i\u00e7ecekler ve dondurulmu\u015f kar\u0131\u015f\u0131mlar i\u00e7in de canl\u0131 bir temel olu\u015fturur.<\/p>\n<p>Uygun Oldu\u011fu Yerler:<br \/>\n\u2013 Limonlu buzlu \u00e7aylar ve \u00e7ay so\u011futucular\u0131<br \/>\n\u2013 Ferahlat\u0131c\u0131 alkols\u00fcz kokteyller ve spritz&#8217;ler<br \/>\n\u2013 Dondurulmu\u015f i\u00e7ecekler ve buzlu i\u00e7ecekler<br \/>\n\u2013 Limon aromal\u0131 tatl\u0131 \u015furuplar\u0131<\/p>\n<p>Barico Ice Tea Limon Aromal\u0131 \u015eurup ile her yudumda narenciye g\u00fcne\u015fi esintisi ya\u015fay\u0131n.<\/p>\n<p><img fetchpriority=\"high\" decoding=\"async\" class=\"alignnone wp-image-536 size-full\" src=\"https:\/\/inovexfoods.com\/wp-content\/uploads\/2024\/01\/Blackberry-2.png\" alt=\"\" width=\"620\" height=\"955\" srcset=\"https:\/\/inovexfoods.com\/wp-content\/uploads\/2024\/01\/Blackberry-2.png 620w, https:\/\/inovexfoods.com\/wp-content\/uploads\/2024\/01\/Blackberry-2-300x462.png 300w, https:\/\/inovexfoods.com\/wp-content\/uploads\/2024\/01\/Blackberry-2-150x231.png 150w, https:\/\/inovexfoods.com\/wp-content\/uploads\/2024\/01\/Blackberry-2-600x924.png 600w, https:\/\/inovexfoods.com\/wp-content\/uploads\/2024\/01\/Blackberry-2-195x300.png 195w, https:\/\/inovexfoods.com\/wp-content\/uploads\/2024\/01\/Blackberry-2-8x12.png 8w\" sizes=\"(max-width: 620px) 100vw, 620px\" \/><\/p>\n","protected":false},"excerpt":{"rendered":"<p>Barico Ice Tea Limon Aromal\u0131 \u015eurup&#8217;un canl\u0131 ve ferahlat\u0131c\u0131 aromas\u0131yla s\u0131caktan korunun. Klasik buzlu \u00e7aya hayat veren canl\u0131, narenciye aromal\u0131 bir kar\u0131\u015f\u0131m. Taze s\u0131k\u0131lm\u0131\u015f limonlar\u0131n keskinli\u011fiyle zenginle\u015ftirilmi\u015f ve yumu\u015fak \u00e7ay notalar\u0131yla dengelenmi\u015f bu \u015furup, m\u00fckemmel bir bardak limonlu buzlu \u00e7aya giden en k\u0131sa yol.<\/p>\n<table width=\"292\">\n<tbody>\n<tr>\n<td width=\"139\">Volume<\/td>\n<td width=\"153\">1 Liter<\/td>\n<\/tr>\n<tr>\n<td>Net Weight<\/td>\n<td>1315 gr.<\/td>\n<\/tr>\n<tr>\n<td>Gross Weight<\/td>\n<td>1998 gr.<\/td>\n<\/tr>\n<tr>\n<td>Pieces \/ carton<\/td>\n<td>6<\/td>\n<\/tr>\n<tr>\n<td>Carton \/ Pallet<\/td>\n<td>100<\/td>\n<\/tr>\n<tr>\n<td>Carton \/ 20 ft<\/td>\n<td>1000<\/td>\n<\/tr>\n<tr>\n<td>Carton \/ 40 ft<\/td>\n<td>2100<\/td>\n<\/tr>\n<tr>\n<td>Shelf Life<\/td>\n<td>3 years<\/td>\n<\/tr>\n<tr>\n<td>Languages<\/td>\n<td>English, Turkish, Arabic<\/td>\n<\/tr>\n<\/tbody>\n<\/table>\n","protected":false},"featured_media":6660,"comment_status":"closed","ping_status":"closed","template":"","meta":[],"product_brand":[],"product_cat":[486],"product_tag":[275,276,348,349,350,280,351,352],"class_list":{"0":"post-6781","1":"product","2":"type-product","3":"status-publish","4":"has-post-thumbnail","6":"product_cat-aromali-suruplar","7":"product_tag-artisanal-syrup-tr","8":"product_tag-barico-syrup-tr","9":"product_tag-cocktail-enhancement-tr","10":"product_tag-creative-cooking-with-passion-fruit-tr","11":"product_tag-exotic-culinary-ingredient-tr","12":"product_tag-guilt-free-indulgence-tr","13":"product_tag-passion-fruit-flavored-syrup-tr","14":"product_tag-tropical-syrup-tr","16":"first","17":"instock","18":"shipping-taxable","19":"product-type-simple"},"_links":{"self":[{"href":"https:\/\/inovexfoods.com\/tr\/wp-json\/wp\/v2\/product\/6781","targetHints":{"allow":["GET"]}}],"collection":[{"href":"https:\/\/inovexfoods.com\/tr\/wp-json\/wp\/v2\/product"}],"about":[{"href":"https:\/\/inovexfoods.com\/tr\/wp-json\/wp\/v2\/types\/product"}],"replies":[{"embeddable":true,"href":"https:\/\/inovexfoods.com\/tr\/wp-json\/wp\/v2\/comments?post=6781"}],"wp:featuredmedia":[{"embeddable":true,"href":"https:\/\/inovexfoods.com\/tr\/wp-json\/wp\/v2\/media\/6660"}],"wp:attachment":[{"href":"https:\/\/inovexfoods.com\/tr\/wp-json\/wp\/v2\/media?parent=6781"}],"wp:term":[{"taxonomy":"product_brand","embeddable":true,"href":"https:\/\/inovexfoods.com\/tr\/wp-json\/wp\/v2\/product_brand?post=6781"},{"taxonomy":"product_cat","embeddable":true,"href":"https:\/\/inovexfoods.com\/tr\/wp-json\/wp\/v2\/product_cat?post=6781"},{"taxonomy":"product_tag","embeddable":true,"href":"https:\/\/inovexfoods.com\/tr\/wp-json\/wp\/v2\/product_tag?post=6781"}],"curies":[{"name":"wp","href":"https:\/\/api.w.org\/{rel}","templated":true}]}}