{"id":6774,"date":"2025-08-05T19:35:41","date_gmt":"2025-08-05T19:35:41","guid":{"rendered":"https:\/\/www.inovexfoods.com\/products\/barico-melon-flavored-syrup\/"},"modified":"2025-08-07T09:03:14","modified_gmt":"2025-08-07T09:03:14","slug":"barico-kavun-aromali-surup","status":"publish","type":"product","link":"https:\/\/inovexfoods.com\/tr\/urun\/barico-kavun-aromali-surup\/","title":{"rendered":"Barico Kavun Aromal\u0131 \u015eurup"},"content":{"rendered":"<p>Barico Kavun Aromal\u0131 \u015eurup<br \/>\n\ud83c\udf48 Tatl\u0131, Sulu ve Ferahlat\u0131c\u0131 Bir \u015eekilde E\u015fsiz \ud83c\udf1e<\/p>\n<p>Barico Kavun Aromal\u0131 \u015eurup ile her yudumda yaz esintisi kat\u0131n &#8211; tatl\u0131 ve yumu\u015fak kavun aromas\u0131 ile tropikal tazeli\u011fin canl\u0131 bir kar\u0131\u015f\u0131m\u0131. Sulu aromas\u0131 ve yumu\u015fak biti\u015fiyle bu \u015furup, i\u00e7eceklerinizi ve tatl\u0131lar\u0131n\u0131z\u0131 an\u0131nda hafif ve meyveli lezzetlere d\u00f6n\u00fc\u015ft\u00fcr\u00fcr.<\/p>\n<p>Buzlu \u00e7aylar, alkols\u00fcz kokteyller, gazl\u0131 i\u00e7ecekler ve smoothieler i\u00e7in m\u00fckemmel olan Barico Kavun \u015eurubu, panna cotta, meyveli tartlar ve dondurulmu\u015f tatl\u0131larla da m\u00fckemmel uyum sa\u011flar. \u0130ster s\u0131cak bir g\u00fcnde kavunlu bir i\u00e7ecek haz\u0131rlay\u0131n, ister tatl\u0131 men\u00fcn\u00fcze farkl\u0131 bir tat kat\u0131n, bu \u015furup her lezzete g\u00fcne\u015f \u0131\u015f\u0131\u011f\u0131 katar.<\/p>\n<p>\u015eunlar i\u00e7in idealdir:<br \/>\n\u2013 Buzlu \u00e7aylar, limonatalar ve gazl\u0131 i\u00e7ecekler<br \/>\n\u2013 Alkols\u00fcz kokteyller, kokteyller ve meyveli pun\u00e7lar<br \/>\n\u2013 Smoothie&#8217;ler, milkshake&#8217;ler ve buzlu i\u00e7ecekler<br \/>\n\u2013 Kekler, j\u00f6leler ve meyveli tatl\u0131 soslar\u0131<\/p>\n<p>Taze, e\u011flenceli ve lezzet dolu \u2014 Barico Kavun Aromal\u0131 \u015eurup, yaz mevsimini \u015fi\u015fede sunar.<\/p>\n<p><img fetchpriority=\"high\" decoding=\"async\" class=\"alignnone wp-image-536 size-full\" src=\"https:\/\/inovexfoods.com\/wp-content\/uploads\/2024\/01\/Blackberry-2.png\" alt=\"\" width=\"620\" height=\"955\" srcset=\"https:\/\/inovexfoods.com\/wp-content\/uploads\/2024\/01\/Blackberry-2.png 620w, https:\/\/inovexfoods.com\/wp-content\/uploads\/2024\/01\/Blackberry-2-300x462.png 300w, https:\/\/inovexfoods.com\/wp-content\/uploads\/2024\/01\/Blackberry-2-150x231.png 150w, https:\/\/inovexfoods.com\/wp-content\/uploads\/2024\/01\/Blackberry-2-600x924.png 600w, https:\/\/inovexfoods.com\/wp-content\/uploads\/2024\/01\/Blackberry-2-195x300.png 195w, https:\/\/inovexfoods.com\/wp-content\/uploads\/2024\/01\/Blackberry-2-8x12.png 8w\" sizes=\"(max-width: 620px) 100vw, 620px\" \/><\/p>\n","protected":false},"excerpt":{"rendered":"<p>Barico Kavun Aromal\u0131 \u015eurup ile her yudumda yaz esintisi kat\u0131n &#8211; tatl\u0131 ve yumu\u015fak kavun aromas\u0131 ile tropikal tazeli\u011fin canl\u0131 bir kar\u0131\u015f\u0131m\u0131. Sulu aromas\u0131 ve yumu\u015fak biti\u015fiyle bu \u015furup, i\u00e7eceklerinizi ve tatl\u0131lar\u0131n\u0131z\u0131 an\u0131nda hafif ve meyveli lezzetlere d\u00f6n\u00fc\u015ft\u00fcr\u00fcr.<\/p>\n<table width=\"292\">\n<tbody>\n<tr>\n<td width=\"139\">Volume<\/td>\n<td width=\"153\">1 Liter<\/td>\n<\/tr>\n<tr>\n<td>Net Weight<\/td>\n<td>1315 gr.<\/td>\n<\/tr>\n<tr>\n<td>Gross Weight<\/td>\n<td>1998 gr.<\/td>\n<\/tr>\n<tr>\n<td>Pieces \/ carton<\/td>\n<td>6<\/td>\n<\/tr>\n<tr>\n<td>Carton \/ Pallet<\/td>\n<td>100<\/td>\n<\/tr>\n<tr>\n<td>Carton \/ 20 ft<\/td>\n<td>1000<\/td>\n<\/tr>\n<tr>\n<td>Carton \/ 40 ft<\/td>\n<td>2100<\/td>\n<\/tr>\n<tr>\n<td>Shelf Life<\/td>\n<td>3 years<\/td>\n<\/tr>\n<tr>\n<td>Languages<\/td>\n<td>English, Turkish, Arabic<\/td>\n<\/tr>\n<\/tbody>\n<\/table>\n","protected":false},"featured_media":6690,"comment_status":"closed","ping_status":"closed","template":"","meta":[],"product_brand":[],"product_cat":[486],"product_tag":[275,276,348,349,350,280,351,352],"class_list":{"0":"post-6774","1":"product","2":"type-product","3":"status-publish","4":"has-post-thumbnail","6":"product_cat-aromali-suruplar","7":"product_tag-artisanal-syrup-tr","8":"product_tag-barico-syrup-tr","9":"product_tag-cocktail-enhancement-tr","10":"product_tag-creative-cooking-with-passion-fruit-tr","11":"product_tag-exotic-culinary-ingredient-tr","12":"product_tag-guilt-free-indulgence-tr","13":"product_tag-passion-fruit-flavored-syrup-tr","14":"product_tag-tropical-syrup-tr","16":"first","17":"instock","18":"shipping-taxable","19":"product-type-simple"},"_links":{"self":[{"href":"https:\/\/inovexfoods.com\/tr\/wp-json\/wp\/v2\/product\/6774","targetHints":{"allow":["GET"]}}],"collection":[{"href":"https:\/\/inovexfoods.com\/tr\/wp-json\/wp\/v2\/product"}],"about":[{"href":"https:\/\/inovexfoods.com\/tr\/wp-json\/wp\/v2\/types\/product"}],"replies":[{"embeddable":true,"href":"https:\/\/inovexfoods.com\/tr\/wp-json\/wp\/v2\/comments?post=6774"}],"wp:featuredmedia":[{"embeddable":true,"href":"https:\/\/inovexfoods.com\/tr\/wp-json\/wp\/v2\/media\/6690"}],"wp:attachment":[{"href":"https:\/\/inovexfoods.com\/tr\/wp-json\/wp\/v2\/media?parent=6774"}],"wp:term":[{"taxonomy":"product_brand","embeddable":true,"href":"https:\/\/inovexfoods.com\/tr\/wp-json\/wp\/v2\/product_brand?post=6774"},{"taxonomy":"product_cat","embeddable":true,"href":"https:\/\/inovexfoods.com\/tr\/wp-json\/wp\/v2\/product_cat?post=6774"},{"taxonomy":"product_tag","embeddable":true,"href":"https:\/\/inovexfoods.com\/tr\/wp-json\/wp\/v2\/product_tag?post=6774"}],"curies":[{"name":"wp","href":"https:\/\/api.w.org\/{rel}","templated":true}]}}