{"id":6766,"date":"2025-08-05T19:40:37","date_gmt":"2025-08-05T19:40:37","guid":{"rendered":"https:\/\/www.inovexfoods.com\/products\/barico-lime-flavored-syrup\/"},"modified":"2025-08-07T09:03:14","modified_gmt":"2025-08-07T09:03:14","slug":"barico-misket-limon-aromali-surup","status":"publish","type":"product","link":"https:\/\/inovexfoods.com\/tr\/urun\/barico-misket-limon-aromali-surup\/","title":{"rendered":"Barico Misket Limon Aromal\u0131 \u015eurup"},"content":{"rendered":"<p>Barico Misket Limon Aromal\u0131 \u015eurup<br \/>\n\ud83c\udf43 Canl\u0131, Parlak ve Ferahlat\u0131c\u0131 Bir Cesurluk \ud83c\udf4b<\/p>\n<p>Barico Misket Limon Aromal\u0131 \u015eurup&#8217;un canl\u0131 ve keskin aromas\u0131yla duyular\u0131n\u0131z\u0131 harekete ge\u00e7irin &#8211; her t\u00fcrl\u00fc i\u00e7ece\u011fe veya tatl\u0131ya canl\u0131 bir dokunu\u015f katan canl\u0131 bir narenciye aromas\u0131 patlamas\u0131. Ek\u015filik ve hafif tatl\u0131l\u0131\u011f\u0131n m\u00fckemmel dengesini sunmak \u00fczere tasarlanan bu \u015furup, s\u0131radan tarifleri ferahlat\u0131c\u0131 ve s\u0131ra d\u0131\u015f\u0131 lezzetlere d\u00f6n\u00fc\u015ft\u00fcr\u00fcyor.<\/p>\n<p>Buzlu \u00e7aylar, kokteyller, alkols\u00fcz i\u00e7ecekler ve gazl\u0131 i\u00e7ecekler i\u00e7in ideal olan Barico Limon \u015eurubu, canl\u0131 narenciye aromas\u0131yla misket limonlu turtalar, j\u00f6leler ve meyveli tartlar gibi tatl\u0131lar\u0131 da zenginle\u015ftirir. Her yudumda men\u00fcn\u00fcze bir tutam lezzet ve zarafet kat\u0131n.<\/p>\n<p>\u015eunlar i\u00e7in idealdir:<br \/>\n\u2013 Buzlu \u00e7aylar, limonatalar ve gazl\u0131 i\u00e7ecekler<br \/>\n\u2013 Kokteyller ve alkols\u00fcz kokteyller<br \/>\n\u2013 Smoothie&#8217;ler, dondurulmu\u015f i\u00e7ecekler ve buzlu i\u00e7ecekler<br \/>\n\u2013 Tatl\u0131lar, j\u00f6leler ve turun\u00e7gil aromal\u0131 ikramlar<\/p>\n<p>Cesur lezzetin ferahlat\u0131c\u0131 bir keyifle bulu\u015ftu\u011fu Barico Misket Limon Aromal\u0131 \u015eurup&#8217;un canl\u0131 lezzetini deneyimleyin.<\/p>\n<p><img fetchpriority=\"high\" decoding=\"async\" class=\"alignnone wp-image-536 size-full\" src=\"https:\/\/inovexfoods.com\/wp-content\/uploads\/2024\/01\/Blackberry-2.png\" alt=\"\" width=\"620\" height=\"955\" srcset=\"https:\/\/inovexfoods.com\/wp-content\/uploads\/2024\/01\/Blackberry-2.png 620w, https:\/\/inovexfoods.com\/wp-content\/uploads\/2024\/01\/Blackberry-2-300x462.png 300w, https:\/\/inovexfoods.com\/wp-content\/uploads\/2024\/01\/Blackberry-2-150x231.png 150w, https:\/\/inovexfoods.com\/wp-content\/uploads\/2024\/01\/Blackberry-2-600x924.png 600w, https:\/\/inovexfoods.com\/wp-content\/uploads\/2024\/01\/Blackberry-2-195x300.png 195w, https:\/\/inovexfoods.com\/wp-content\/uploads\/2024\/01\/Blackberry-2-8x12.png 8w\" sizes=\"(max-width: 620px) 100vw, 620px\" \/><\/p>\n","protected":false},"excerpt":{"rendered":"<p>Barico Misket Limon Aromal\u0131 \u015eurup&#8217;un canl\u0131 ve keskin aromas\u0131yla duyular\u0131n\u0131z\u0131 harekete ge\u00e7irin &#8211; her t\u00fcrl\u00fc i\u00e7ece\u011fe veya tatl\u0131ya canl\u0131 bir dokunu\u015f katan canl\u0131 bir narenciye aromas\u0131 patlamas\u0131. Ek\u015filik ve hafif tatl\u0131l\u0131\u011f\u0131n m\u00fckemmel dengesini sunmak \u00fczere tasarlanan bu \u015furup, s\u0131radan tarifleri ferahlat\u0131c\u0131 ve s\u0131ra d\u0131\u015f\u0131 lezzetlere d\u00f6n\u00fc\u015ft\u00fcr\u00fcyor.<\/p>\n<table width=\"292\">\n<tbody>\n<tr>\n<td width=\"139\">Volume<\/td>\n<td width=\"153\">1 Liter<\/td>\n<\/tr>\n<tr>\n<td>Net Weight<\/td>\n<td>1315 gr.<\/td>\n<\/tr>\n<tr>\n<td>Gross Weight<\/td>\n<td>1998 gr.<\/td>\n<\/tr>\n<tr>\n<td>Pieces \/ carton<\/td>\n<td>6<\/td>\n<\/tr>\n<tr>\n<td>Carton \/ Pallet<\/td>\n<td>100<\/td>\n<\/tr>\n<tr>\n<td>Carton \/ 20 ft<\/td>\n<td>1000<\/td>\n<\/tr>\n<tr>\n<td>Carton \/ 40 ft<\/td>\n<td>2100<\/td>\n<\/tr>\n<tr>\n<td>Shelf Life<\/td>\n<td>3 years<\/td>\n<\/tr>\n<tr>\n<td>Languages<\/td>\n<td>English, Turkish, Arabic<\/td>\n<\/tr>\n<\/tbody>\n<\/table>\n","protected":false},"featured_media":6675,"comment_status":"closed","ping_status":"closed","template":"","meta":[],"product_brand":[],"product_cat":[486],"product_tag":[275,276,348,349,350,280,351,352],"class_list":{"0":"post-6766","1":"product","2":"type-product","3":"status-publish","4":"has-post-thumbnail","6":"product_cat-aromali-suruplar","7":"product_tag-artisanal-syrup-tr","8":"product_tag-barico-syrup-tr","9":"product_tag-cocktail-enhancement-tr","10":"product_tag-creative-cooking-with-passion-fruit-tr","11":"product_tag-exotic-culinary-ingredient-tr","12":"product_tag-guilt-free-indulgence-tr","13":"product_tag-passion-fruit-flavored-syrup-tr","14":"product_tag-tropical-syrup-tr","16":"first","17":"instock","18":"shipping-taxable","19":"product-type-simple"},"_links":{"self":[{"href":"https:\/\/inovexfoods.com\/tr\/wp-json\/wp\/v2\/product\/6766","targetHints":{"allow":["GET"]}}],"collection":[{"href":"https:\/\/inovexfoods.com\/tr\/wp-json\/wp\/v2\/product"}],"about":[{"href":"https:\/\/inovexfoods.com\/tr\/wp-json\/wp\/v2\/types\/product"}],"replies":[{"embeddable":true,"href":"https:\/\/inovexfoods.com\/tr\/wp-json\/wp\/v2\/comments?post=6766"}],"wp:featuredmedia":[{"embeddable":true,"href":"https:\/\/inovexfoods.com\/tr\/wp-json\/wp\/v2\/media\/6675"}],"wp:attachment":[{"href":"https:\/\/inovexfoods.com\/tr\/wp-json\/wp\/v2\/media?parent=6766"}],"wp:term":[{"taxonomy":"product_brand","embeddable":true,"href":"https:\/\/inovexfoods.com\/tr\/wp-json\/wp\/v2\/product_brand?post=6766"},{"taxonomy":"product_cat","embeddable":true,"href":"https:\/\/inovexfoods.com\/tr\/wp-json\/wp\/v2\/product_cat?post=6766"},{"taxonomy":"product_tag","embeddable":true,"href":"https:\/\/inovexfoods.com\/tr\/wp-json\/wp\/v2\/product_tag?post=6766"}],"curies":[{"name":"wp","href":"https:\/\/api.w.org\/{rel}","templated":true}]}}