{"id":6758,"date":"2025-08-05T19:43:28","date_gmt":"2025-08-05T19:43:28","guid":{"rendered":"https:\/\/www.inovexfoods.com\/products\/barico-kiwi-flavored-syrup\/"},"modified":"2025-08-07T09:03:14","modified_gmt":"2025-08-07T09:03:14","slug":"barico-kivi-aromali-surup","status":"publish","type":"product","link":"https:\/\/inovexfoods.com\/tr\/urun\/barico-kivi-aromali-surup\/","title":{"rendered":"Barico Kivi Aromal\u0131 \u015eurup"},"content":{"rendered":"<p>Barico Kivi Aromal\u0131 \u015eurup<br \/>\n\ud83e\udd5d Ek\u015fi, Tatl\u0131 ve Ferahl\u0131k Dolu \ud83c\udf43<\/p>\n<p>Barico Kivi Aromal\u0131 \u015eurup ile i\u00e7eceklerinize ve tatl\u0131lar\u0131n\u0131za canl\u0131 bir dokunu\u015f kat\u0131n &#8211; keskin tatl\u0131l\u0131k ve tropikal tazeli\u011fin canl\u0131 bir birle\u015fimi. Bu \u015furup, olgun kivinin e\u015fsiz ve sulu aromas\u0131n\u0131 yakalayarak dama\u011f\u0131 \u015fenlendiren ferahlat\u0131c\u0131 bir tat kat\u0131yor.<\/p>\n<p>Buzlu \u00e7aylar, alkols\u00fcz kokteyller, smoothieler ve gazozlar i\u00e7in m\u00fckemmel olan Barico Kivi \u015eurubu, meyve salatalar\u0131n\u0131n, dondurulmu\u015f tatl\u0131lar\u0131n ve hamur i\u015flerinin \u00fczerine gezdirildi\u011finde de harikalar yarat\u0131yor. \u0130ster \u00f6zel bir i\u00e7ecek haz\u0131rlay\u0131n ister tatl\u0131 men\u00fcn\u00fcz\u00fc zenginle\u015ftirin, bu \u015furup her damlas\u0131nda egzotik bir lezzet patlamas\u0131 sunuyor.<\/p>\n<p>\u015eunlar i\u00e7in idealdir:<br \/>\n\u2013 Buzlu \u00e7aylar, limonatalar ve gazl\u0131 i\u00e7ecekler<br \/>\n\u2013 Alkols\u00fcz kokteyller, kokteyller ve spritzer&#8217;lar<br \/>\n\u2013 Smoothie&#8217;ler, milkshake&#8217;ler ve frappe&#8217;ler<br \/>\n\u2013 Tatl\u0131lar, j\u00f6leler ve taze meyve soslar\u0131<\/p>\n<p>Barico Kivi Aromal\u0131 \u015eurup ile tropiklerin ferahlat\u0131c\u0131 bir dokunu\u015funu ekleyin; her yudumda g\u00fcne\u015fli bir ka\u00e7\u0131\u015f hissi ya\u015fay\u0131n.<\/p>\n<p><img fetchpriority=\"high\" decoding=\"async\" class=\"alignnone wp-image-536 size-full\" src=\"https:\/\/inovexfoods.com\/wp-content\/uploads\/2024\/01\/Blackberry-2.png\" alt=\"\" width=\"620\" height=\"955\" srcset=\"https:\/\/inovexfoods.com\/wp-content\/uploads\/2024\/01\/Blackberry-2.png 620w, https:\/\/inovexfoods.com\/wp-content\/uploads\/2024\/01\/Blackberry-2-300x462.png 300w, https:\/\/inovexfoods.com\/wp-content\/uploads\/2024\/01\/Blackberry-2-150x231.png 150w, https:\/\/inovexfoods.com\/wp-content\/uploads\/2024\/01\/Blackberry-2-600x924.png 600w, https:\/\/inovexfoods.com\/wp-content\/uploads\/2024\/01\/Blackberry-2-195x300.png 195w, https:\/\/inovexfoods.com\/wp-content\/uploads\/2024\/01\/Blackberry-2-8x12.png 8w\" sizes=\"(max-width: 620px) 100vw, 620px\" \/><\/p>\n","protected":false},"excerpt":{"rendered":"<p>Barico Kivi Aromal\u0131 \u015eurup ile i\u00e7eceklerinize ve tatl\u0131lar\u0131n\u0131za canl\u0131 bir dokunu\u015f kat\u0131n &#8211; keskin tatl\u0131l\u0131k ve tropikal tazeli\u011fin canl\u0131 bir birle\u015fimi. Bu \u015furup, olgun kivinin e\u015fsiz ve sulu aromas\u0131n\u0131 yakalayarak dama\u011f\u0131 \u015fenlendiren ferahlat\u0131c\u0131 bir tat kat\u0131yor.<\/p>\n<table width=\"292\">\n<tbody>\n<tr>\n<td width=\"139\">Volume<\/td>\n<td width=\"153\">1 Liter<\/td>\n<\/tr>\n<tr>\n<td>Net Weight<\/td>\n<td>1315 gr.<\/td>\n<\/tr>\n<tr>\n<td>Gross Weight<\/td>\n<td>1998 gr.<\/td>\n<\/tr>\n<tr>\n<td>Pieces \/ carton<\/td>\n<td>6<\/td>\n<\/tr>\n<tr>\n<td>Carton \/ Pallet<\/td>\n<td>100<\/td>\n<\/tr>\n<tr>\n<td>Carton \/ 20 ft<\/td>\n<td>1000<\/td>\n<\/tr>\n<tr>\n<td>Carton \/ 40 ft<\/td>\n<td>2100<\/td>\n<\/tr>\n<tr>\n<td>Shelf Life<\/td>\n<td>3 years<\/td>\n<\/tr>\n<tr>\n<td>Languages<\/td>\n<td>English, Turkish, Arabic<\/td>\n<\/tr>\n<\/tbody>\n<\/table>\n","protected":false},"featured_media":6670,"comment_status":"closed","ping_status":"closed","template":"","meta":[],"product_brand":[],"product_cat":[486],"product_tag":[275,276,348,349,350,280,351,352],"class_list":{"0":"post-6758","1":"product","2":"type-product","3":"status-publish","4":"has-post-thumbnail","6":"product_cat-aromali-suruplar","7":"product_tag-artisanal-syrup-tr","8":"product_tag-barico-syrup-tr","9":"product_tag-cocktail-enhancement-tr","10":"product_tag-creative-cooking-with-passion-fruit-tr","11":"product_tag-exotic-culinary-ingredient-tr","12":"product_tag-guilt-free-indulgence-tr","13":"product_tag-passion-fruit-flavored-syrup-tr","14":"product_tag-tropical-syrup-tr","16":"first","17":"instock","18":"shipping-taxable","19":"product-type-simple"},"_links":{"self":[{"href":"https:\/\/inovexfoods.com\/tr\/wp-json\/wp\/v2\/product\/6758","targetHints":{"allow":["GET"]}}],"collection":[{"href":"https:\/\/inovexfoods.com\/tr\/wp-json\/wp\/v2\/product"}],"about":[{"href":"https:\/\/inovexfoods.com\/tr\/wp-json\/wp\/v2\/types\/product"}],"replies":[{"embeddable":true,"href":"https:\/\/inovexfoods.com\/tr\/wp-json\/wp\/v2\/comments?post=6758"}],"wp:featuredmedia":[{"embeddable":true,"href":"https:\/\/inovexfoods.com\/tr\/wp-json\/wp\/v2\/media\/6670"}],"wp:attachment":[{"href":"https:\/\/inovexfoods.com\/tr\/wp-json\/wp\/v2\/media?parent=6758"}],"wp:term":[{"taxonomy":"product_brand","embeddable":true,"href":"https:\/\/inovexfoods.com\/tr\/wp-json\/wp\/v2\/product_brand?post=6758"},{"taxonomy":"product_cat","embeddable":true,"href":"https:\/\/inovexfoods.com\/tr\/wp-json\/wp\/v2\/product_cat?post=6758"},{"taxonomy":"product_tag","embeddable":true,"href":"https:\/\/inovexfoods.com\/tr\/wp-json\/wp\/v2\/product_tag?post=6758"}],"curies":[{"name":"wp","href":"https:\/\/api.w.org\/{rel}","templated":true}]}}