{"id":6753,"date":"2025-08-05T19:46:37","date_gmt":"2025-08-05T19:46:37","guid":{"rendered":"https:\/\/www.inovexfoods.com\/products\/barico-lemon-flavored-syrup\/"},"modified":"2025-08-07T09:03:13","modified_gmt":"2025-08-07T09:03:13","slug":"barico-limon-aromali-surup","status":"publish","type":"product","link":"https:\/\/inovexfoods.com\/tr\/urun\/barico-limon-aromali-surup\/","title":{"rendered":"Barico Limon Aromal\u0131 \u015eurup"},"content":{"rendered":"<p>Barico Limon Aromal\u0131 \u015eurup<br \/>\n\ud83c\udf4b Canl\u0131 ve Ferahlat\u0131c\u0131<\/p>\n<p>Barico Limon Aromal\u0131 \u015eurup&#8217;un canl\u0131 ve keskin aromas\u0131yla i\u00e7eceklerinize ve tatl\u0131lar\u0131n\u0131za enerji kat\u0131n. G\u00fcne\u015fte olgunla\u015fm\u0131\u015f limonlar\u0131n taze ve do\u011fal lezzetiyle dolu bu \u015furup, tatl\u0131l\u0131k ve ek\u015fili\u011fi m\u00fckemmel bir \u015fekilde dengeleyen canl\u0131 bir narenciye aromas\u0131 katar.<\/p>\n<p>Buzlu \u00e7aylar, limonatalar, kokteyller ve alkols\u00fcz kokteyller i\u00e7in ideal olan bu \u015furup, ayn\u0131 zamanda keklere, kremalara ve meyveli tatl\u0131lara ferahlat\u0131c\u0131 bir dokunu\u015f katar. Kar\u0131\u015ft\u0131rmas\u0131 kolay ve her zaman lezzetli olan Barico Limon \u015eurubu, her t\u00fcrl\u00fc i\u00e7ece\u011finize canl\u0131l\u0131k katmak i\u00e7in gizli malzemenizdir.<\/p>\n<p>\u015eunlar i\u00e7in idealdir:<br \/>\n\u2013 Buzlu \u00e7aylar, limonatalar ve maden sular\u0131<br \/>\n\u2013 Kokteyller, alkols\u00fcz kokteyller ve spritzer&#8217;lar<br \/>\n\u2013 Smoothie&#8217;ler, dondurulmu\u015f i\u00e7ecekler ve buzlu i\u00e7ecekler<br \/>\n\u2013 Kekler, j\u00f6leler ve turun\u00e7gil aromal\u0131 tatl\u0131lar<\/p>\n<p>Barico Limon Aromal\u0131 \u015eurup ile men\u00fcn\u00fcze canl\u0131 bir lezzet kat\u0131n; safl\u0131k ve ferahl\u0131k bir arada.<\/p>\n<p><img fetchpriority=\"high\" decoding=\"async\" class=\"alignnone wp-image-536 size-full\" src=\"https:\/\/inovexfoods.com\/wp-content\/uploads\/2024\/01\/Blackberry-2.png\" alt=\"\" width=\"620\" height=\"955\" srcset=\"https:\/\/inovexfoods.com\/wp-content\/uploads\/2024\/01\/Blackberry-2.png 620w, https:\/\/inovexfoods.com\/wp-content\/uploads\/2024\/01\/Blackberry-2-300x462.png 300w, https:\/\/inovexfoods.com\/wp-content\/uploads\/2024\/01\/Blackberry-2-150x231.png 150w, https:\/\/inovexfoods.com\/wp-content\/uploads\/2024\/01\/Blackberry-2-600x924.png 600w, https:\/\/inovexfoods.com\/wp-content\/uploads\/2024\/01\/Blackberry-2-195x300.png 195w, https:\/\/inovexfoods.com\/wp-content\/uploads\/2024\/01\/Blackberry-2-8x12.png 8w\" sizes=\"(max-width: 620px) 100vw, 620px\" \/><\/p>\n","protected":false},"excerpt":{"rendered":"<p>Barico Limon Aromal\u0131 \u015eurup&#8217;un canl\u0131 ve keskin aromas\u0131yla i\u00e7eceklerinize ve tatl\u0131lar\u0131n\u0131za enerji kat\u0131n. G\u00fcne\u015fte olgunla\u015fm\u0131\u015f limonlar\u0131n taze ve do\u011fal lezzetiyle dolu bu \u015furup, tatl\u0131l\u0131k ve ek\u015fili\u011fi m\u00fckemmel bir \u015fekilde dengeleyen canl\u0131 bir narenciye aromas\u0131 katar.<\/p>\n<table width=\"292\">\n<tbody>\n<tr>\n<td width=\"139\">Volume<\/td>\n<td width=\"153\">1 Liter<\/td>\n<\/tr>\n<tr>\n<td>Net Weight<\/td>\n<td>1315 gr.<\/td>\n<\/tr>\n<tr>\n<td>Gross Weight<\/td>\n<td>1998 gr.<\/td>\n<\/tr>\n<tr>\n<td>Pieces \/ carton<\/td>\n<td>6<\/td>\n<\/tr>\n<tr>\n<td>Carton \/ Pallet<\/td>\n<td>100<\/td>\n<\/tr>\n<tr>\n<td>Carton \/ 20 ft<\/td>\n<td>1000<\/td>\n<\/tr>\n<tr>\n<td>Carton \/ 40 ft<\/td>\n<td>2100<\/td>\n<\/tr>\n<tr>\n<td>Shelf Life<\/td>\n<td>3 years<\/td>\n<\/tr>\n<tr>\n<td>Languages<\/td>\n<td>English, Turkish, Arabic<\/td>\n<\/tr>\n<\/tbody>\n<\/table>\n","protected":false},"featured_media":6746,"comment_status":"closed","ping_status":"closed","template":"","meta":[],"product_brand":[],"product_cat":[486],"product_tag":[275,276,348,349,350,280,351,352],"class_list":{"0":"post-6753","1":"product","2":"type-product","3":"status-publish","4":"has-post-thumbnail","6":"product_cat-aromali-suruplar","7":"product_tag-artisanal-syrup-tr","8":"product_tag-barico-syrup-tr","9":"product_tag-cocktail-enhancement-tr","10":"product_tag-creative-cooking-with-passion-fruit-tr","11":"product_tag-exotic-culinary-ingredient-tr","12":"product_tag-guilt-free-indulgence-tr","13":"product_tag-passion-fruit-flavored-syrup-tr","14":"product_tag-tropical-syrup-tr","16":"first","17":"instock","18":"shipping-taxable","19":"product-type-simple"},"_links":{"self":[{"href":"https:\/\/inovexfoods.com\/tr\/wp-json\/wp\/v2\/product\/6753","targetHints":{"allow":["GET"]}}],"collection":[{"href":"https:\/\/inovexfoods.com\/tr\/wp-json\/wp\/v2\/product"}],"about":[{"href":"https:\/\/inovexfoods.com\/tr\/wp-json\/wp\/v2\/types\/product"}],"replies":[{"embeddable":true,"href":"https:\/\/inovexfoods.com\/tr\/wp-json\/wp\/v2\/comments?post=6753"}],"wp:featuredmedia":[{"embeddable":true,"href":"https:\/\/inovexfoods.com\/tr\/wp-json\/wp\/v2\/media\/6746"}],"wp:attachment":[{"href":"https:\/\/inovexfoods.com\/tr\/wp-json\/wp\/v2\/media?parent=6753"}],"wp:term":[{"taxonomy":"product_brand","embeddable":true,"href":"https:\/\/inovexfoods.com\/tr\/wp-json\/wp\/v2\/product_brand?post=6753"},{"taxonomy":"product_cat","embeddable":true,"href":"https:\/\/inovexfoods.com\/tr\/wp-json\/wp\/v2\/product_cat?post=6753"},{"taxonomy":"product_tag","embeddable":true,"href":"https:\/\/inovexfoods.com\/tr\/wp-json\/wp\/v2\/product_tag?post=6753"}],"curies":[{"name":"wp","href":"https:\/\/api.w.org\/{rel}","templated":true}]}}