{"id":6643,"date":"2024-11-02T08:54:09","date_gmt":"2024-11-02T08:54:09","guid":{"rendered":"https:\/\/www.inovexfoods.com\/products\/barico-caramel-professional-sauce-25-kg\/"},"modified":"2025-08-07T10:21:28","modified_gmt":"2025-08-07T10:21:28","slug":"barico-caramel-professional-sauce-25-kg","status":"publish","type":"product","link":"https:\/\/inovexfoods.com\/tr\/urun\/barico-caramel-professional-sauce-25-kg\/","title":{"rendered":"Barico Karamel Sos 2,5 Kg."},"content":{"rendered":"<p>Barico Karamel Profesyonel Sos<\/p>\n<p>Barico Karamel Profesyonel Sos, zengin karamel aromas\u0131 ve ipeksi dokusuyla p\u00fcr\u00fczs\u00fcz, alt\u0131n sar\u0131s\u0131 bir kar\u0131\u015f\u0131m olup, kafelerin, tatl\u0131 barlar\u0131n\u0131n ve mutfak profesyonellerinin ihtiya\u00e7lar\u0131n\u0131 kar\u015f\u0131lamak \u00fczere tasarlanm\u0131\u015ft\u0131r. Derin, tereya\u011fl\u0131 tatl\u0131l\u0131\u011f\u0131, \u00e7ok \u00e7e\u015fitli i\u00e7ecek ve tatl\u0131lara l\u00fcks bir dokunu\u015f katar.<\/p>\n<p>Latte, milkshake, dondurma ve hamur i\u015flerinin \u00fczerine gezdirmek veya frappe ve \u00f6zel i\u00e7eceklere kar\u0131\u015ft\u0131rmak i\u00e7in ideal olan bu \u00e7ok y\u00f6nl\u00fc sos, m\u00fckemmel dengelenmi\u015f karamel tad\u0131yla her lezzeti zenginle\u015ftirir &#8211; Barico Karamel Profesyonel Sos, her an\u0131 biraz daha keyifli hale getirir.<\/p>\n<p>Uygun Oldu\u011fu Yerler:<br \/>\n\u2013 Karamel latte, macchiato ve s\u0131cak \u00e7ikolata<br \/>\n\u2013 Dondurma, waffle ve pankek<br \/>\n\u2013 Kek, tart ve tabakta servis edilen tatl\u0131lar<br \/>\n\u2013 Milkshake ve kar\u0131\u015f\u0131k i\u00e7ecekler<\/p>\n<p>Barico ile lezzetlerinize zengin bir karamel dokunu\u015fu kat\u0131n.<\/p>\n","protected":false},"excerpt":{"rendered":"<p>Barico Karamel Profesyonel Sos, zengin karamel aromas\u0131 ve ipeksi dokusuyla p\u00fcr\u00fczs\u00fcz, alt\u0131n sar\u0131s\u0131 bir kar\u0131\u015f\u0131m olup, kafelerin, tatl\u0131 barlar\u0131n\u0131n ve mutfak profesyonellerinin ihtiya\u00e7lar\u0131n\u0131 kar\u015f\u0131lamak \u00fczere tasarlanm\u0131\u015ft\u0131r. Derin, tereya\u011fl\u0131 tatl\u0131l\u0131\u011f\u0131, \u00e7ok \u00e7e\u015fitli i\u00e7ecek ve tatl\u0131lara l\u00fcks bir dokunu\u015f katar.<\/p>\n","protected":false},"featured_media":2856,"comment_status":"closed","ping_status":"closed","template":"","meta":[],"product_brand":[],"product_cat":[489],"product_tag":[],"class_list":{"0":"post-6643","1":"product","2":"type-product","3":"status-publish","4":"has-post-thumbnail","6":"product_cat-profesyonel-soslar","8":"first","9":"instock","10":"shipping-taxable","11":"product-type-simple"},"_links":{"self":[{"href":"https:\/\/inovexfoods.com\/tr\/wp-json\/wp\/v2\/product\/6643","targetHints":{"allow":["GET"]}}],"collection":[{"href":"https:\/\/inovexfoods.com\/tr\/wp-json\/wp\/v2\/product"}],"about":[{"href":"https:\/\/inovexfoods.com\/tr\/wp-json\/wp\/v2\/types\/product"}],"replies":[{"embeddable":true,"href":"https:\/\/inovexfoods.com\/tr\/wp-json\/wp\/v2\/comments?post=6643"}],"wp:featuredmedia":[{"embeddable":true,"href":"https:\/\/inovexfoods.com\/tr\/wp-json\/wp\/v2\/media\/2856"}],"wp:attachment":[{"href":"https:\/\/inovexfoods.com\/tr\/wp-json\/wp\/v2\/media?parent=6643"}],"wp:term":[{"taxonomy":"product_brand","embeddable":true,"href":"https:\/\/inovexfoods.com\/tr\/wp-json\/wp\/v2\/product_brand?post=6643"},{"taxonomy":"product_cat","embeddable":true,"href":"https:\/\/inovexfoods.com\/tr\/wp-json\/wp\/v2\/product_cat?post=6643"},{"taxonomy":"product_tag","embeddable":true,"href":"https:\/\/inovexfoods.com\/tr\/wp-json\/wp\/v2\/product_tag?post=6643"}],"curies":[{"name":"wp","href":"https:\/\/api.w.org\/{rel}","templated":true}]}}