{"id":6895,"date":"2024-01-02T11:39:29","date_gmt":"2024-01-02T11:39:29","guid":{"rendered":"https:\/\/www.inovexfoods.com\/contact\/"},"modified":"2025-08-06T18:43:01","modified_gmt":"2025-08-06T18:43:01","slug":"contact","status":"publish","type":"page","link":"https:\/\/inovexfoods.com\/tr\/contact\/","title":{"rendered":"\u0130leti\u015fim"},"content":{"rendered":"\t\t<div data-elementor-type=\"wp-page\" data-elementor-id=\"6895\" class=\"elementor elementor-6895 elementor-124\">\n\t\t\t\t\t\t<section class=\"elementor-section elementor-top-section elementor-element elementor-element-69c57946 elementor-section-boxed elementor-section-height-default elementor-section-height-default wd-section-disabled\" data-id=\"69c57946\" data-element_type=\"section\">\n\t\t\t\t\t\t<div class=\"elementor-container elementor-column-gap-extended\">\n\t\t\t\t\t<div class=\"elementor-column elementor-col-33 elementor-top-column elementor-element elementor-element-6133286a\" data-id=\"6133286a\" data-element_type=\"column\">\n\t\t\t<div class=\"elementor-widget-wrap elementor-element-populated\">\n\t\t\t\t\t\t<div class=\"elementor-element elementor-element-fe86bab elementor-widget elementor-widget-wd_title\" data-id=\"fe86bab\" data-element_type=\"widget\" data-widget_type=\"wd_title.default\">\n\t\t\t\t<div class=\"elementor-widget-container\">\n\t\t\t\t\t\t\t<div class=\"title-wrapper set-mb-s reset-last-child wd-title-color-default wd-title-style-default wd-title-size-default text-left\">\n\n\t\t\t\n\t\t\t<div class=\"liner-continer\">\n\t\t\t\t<h4 class=\"woodmart-title-container title wd-fontsize-l\">\u0130LET\u0130\u015e\u0130M<\/h4> \n\t\t\t\t\t\t\t<\/div>\n\n\t\t\t\t\t\t\t<div class=\"title-after_title set-cont-mb-s reset-last-child wd-fontsize-xs\">\n\t\t\t\t\t<p><strong>L\u00fctfen a\u015fa\u011f\u0131daki bilgileri kullanarak bizimle ileti\u015fime ge\u00e7in:<\/strong><\/p><p><strong>INOVEX GLOBAL FOODS - \u0130stanbul Ofisi<\/strong><\/p><p>Hukuk\u00e7ular Kuleleri, Cevizli Mahallesi, Mustafa Kemal Caddesi, No: 66 \/ 100A, Kat 18, Kartal, \u0130stanbul, T\u00fcrkiye.<\/p><p><strong>INOVEX GLOBAL FOODS - Gaziantep Fabrikas\u0131<\/strong><\/p><p>Havaalan\u0131 Sanayi B\u00f6lgesi, Osmanbey Caddesi, No: 9, O\u011fuzeli, Gaziantep, T\u00fcrkiye<\/p><p><strong>E-posta:<\/strong> info@inovexfoods.com<br \/><strong>Telefon:<\/strong> +90 216 807 0036<\/p><p><strong>Dominik Cumhuriyeti Distrib\u00fct\u00f6r\u00fc:<\/strong> Gateoftec, Dominikan Cumhuriyeti'nin yetkili distrib\u00fct\u00f6r\u00fcd\u00fcr.<\/p>\t\t\t\t<\/div>\n\t\t\t\t\t<\/div>\n\t\t\t\t\t\t<\/div>\n\t\t\t\t<\/div>\n\t\t\t\t\t<\/div>\n\t\t<\/div>\n\t\t\t\t<div class=\"elementor-column elementor-col-66 elementor-top-column elementor-element elementor-element-3a7c9b9\" data-id=\"3a7c9b9\" data-element_type=\"column\">\n\t\t\t<div class=\"elementor-widget-wrap elementor-element-populated\">\n\t\t\t\t\t\t<div class=\"elementor-element elementor-element-fab4c0c elementor-widget elementor-widget-google_maps\" data-id=\"fab4c0c\" data-element_type=\"widget\" data-widget_type=\"google_maps.default\">\n\t\t\t\t<div class=\"elementor-widget-container\">\n\t\t\t\t\t\t\t<div class=\"elementor-custom-embed\">\n\t\t\t<iframe loading=\"lazy\"\n\t\t\t\t\tsrc=\"https:\/\/maps.google.com\/maps?q=Cevizli%2C%20Mustafa%20Kemal%20Cd.%20Hukuk%C3%A7ular%20Towers%20No%3A66%2F100%20A%20Blok%20Kat%20%3A18%2C%2034865%20Kartal%2FIstanbul%2FTURKEY&#038;t=m&#038;z=10&#038;output=embed&#038;iwloc=near\"\n\t\t\t\t\ttitle=\"Cevizli, Mustafa Kemal Cd. Hukuk\u00e7ular Towers No:66\/100 A Blok Kat :18, 34865 Kartal\/Istanbul\/TURKEY\"\n\t\t\t\t\taria-label=\"Cevizli, Mustafa Kemal Cd. Hukuk\u00e7ular Towers No:66\/100 A Blok Kat :18, 34865 Kartal\/Istanbul\/TURKEY\"\n\t\t\t><\/iframe>\n\t\t<\/div>\n\t\t\t\t\t\t<\/div>\n\t\t\t\t<\/div>\n\t\t\t\t<div class=\"elementor-element elementor-element-7517f617 elementor-widget__width-initial elementor-widget elementor-widget-wd_text_block\" data-id=\"7517f617\" data-element_type=\"widget\" data-widget_type=\"wd_text_block.default\">\n\t\t\t\t<div class=\"elementor-widget-container\">\n\t\t\t\t\t\t\t<div class=\"wd-text-block reset-last-child text-left\">\n\t\t\t\n\t\t\t\n\t\t\t\t\t<\/div>\n\t\t\t\t\t\t<\/div>\n\t\t\t\t<\/div>\n\t\t\t\t\t<\/div>\n\t\t<\/div>\n\t\t\t\t\t<\/div>\n\t\t<\/section>\n\t\t\t\t<\/div>\n\t\t","protected":false},"excerpt":{"rendered":"<p>\u0130LET\u0130\u015e\u0130M L\u00fctfen a\u015fa\u011f\u0131daki bilgileri kullanarak bizimle ileti\u015fime ge\u00e7in: INOVEX GLOBAL FOODS &#8211; \u0130stanbul Ofisi Hukuk\u00e7ular Kuleleri, Cevizli Mahallesi, Mustafa Kemal<\/p>\n","protected":false},"author":1,"featured_media":0,"parent":0,"menu_order":0,"comment_status":"closed","ping_status":"closed","template":"","meta":{"footnotes":""},"class_list":["post-6895","page","type-page","status-publish","hentry"],"_links":{"self":[{"href":"https:\/\/inovexfoods.com\/tr\/wp-json\/wp\/v2\/pages\/6895","targetHints":{"allow":["GET"]}}],"collection":[{"href":"https:\/\/inovexfoods.com\/tr\/wp-json\/wp\/v2\/pages"}],"about":[{"href":"https:\/\/inovexfoods.com\/tr\/wp-json\/wp\/v2\/types\/page"}],"author":[{"embeddable":true,"href":"https:\/\/inovexfoods.com\/tr\/wp-json\/wp\/v2\/users\/1"}],"replies":[{"embeddable":true,"href":"https:\/\/inovexfoods.com\/tr\/wp-json\/wp\/v2\/comments?post=6895"}],"version-history":[{"count":0,"href":"https:\/\/inovexfoods.com\/tr\/wp-json\/wp\/v2\/pages\/6895\/revisions"}],"wp:attachment":[{"href":"https:\/\/inovexfoods.com\/tr\/wp-json\/wp\/v2\/media?parent=6895"}],"curies":[{"name":"wp","href":"https:\/\/api.w.org\/{rel}","templated":true}]}}