{"id":6885,"date":"2024-07-20T15:34:07","date_gmt":"2024-07-20T15:34:07","guid":{"rendered":"https:\/\/www.inovexfoods.com\/careers\/"},"modified":"2025-08-07T09:13:31","modified_gmt":"2025-08-07T09:13:31","slug":"kariyer","status":"publish","type":"page","link":"https:\/\/inovexfoods.com\/tr\/kariyer\/","title":{"rendered":"Kariyer"},"content":{"rendered":"<hr class=\"wp-block-separator has-alpha-channel-opacity\" \/>\r\n\r\n\r\n<p><strong>Ekibimize Kat\u0131l\u0131n ve Gelece\u011fi \u015eekillendirin<\/strong><\/p>\r\n<p>Inovex Global Foods olarak, ba\u015far\u0131m\u0131z\u0131n yetenekli ve \u00f6zverili ekibimizden geldi\u011fine inan\u0131yoruz. Fark yaratmaya istekli, tutkulu, yenilik\u00e7i ve dinamik bireyleri her zaman ar\u0131yoruz. \u0130ster kariyerinize yeni ba\u015fl\u0131yor olun ister bir sonraki ad\u0131m\u0131 atmak istiyor olun, hedeflerinize ula\u015fman\u0131za yard\u0131mc\u0131 olacak \u00e7e\u015fitli f\u0131rsatlar sunuyoruz.<\/p>\r\n<p>Neden Bizimle \u00c7al\u0131\u015fmal\u0131s\u0131n\u0131z?<\/p>\r\n<p><strong>Yenilik\u00e7i Ortam<\/strong>: En son teknolojiyle \u00e7al\u0131\u015f\u0131n ve s\u0131n\u0131rlar\u0131 zorlayan projelerde yer al\u0131n.<\/p>\r\n<p><strong>Kariyer Geli\u015fimi<\/strong>: Ki\u015fisel ve profesyonel geli\u015fiminize ba\u011fl\u0131y\u0131z, s\u00fcrekli \u00f6\u011frenme ve ilerleme f\u0131rsatlar\u0131 sunuyoruz.<\/p>\r\n<p><strong>\u0130\u015fbirlik\u00e7i K\u00fclt\u00fcr<\/strong>: Ekip \u00e7al\u0131\u015fmas\u0131na, yarat\u0131c\u0131l\u0131\u011fa ve kar\u015f\u0131l\u0131kl\u0131 sayg\u0131ya de\u011fer veren, benzer d\u00fc\u015f\u00fcnen bireylerden olu\u015fan bir ekibe kat\u0131l\u0131n.<\/p>\r\n<p><strong>K\u00fcresel Etki<\/strong>: K\u00fcresel \u00f6l\u00e7ekte fark yaratan, d\u00fcnya \u00e7ap\u0131ndaki sekt\u00f6rleri ve topluluklar\u0131 etkileyen bir \u015firketin par\u00e7as\u0131 olun.<\/p>\r\n<p><strong>Kapsay\u0131c\u0131 \u0130\u015f Ortam\u0131<\/strong>: \u00c7e\u015fitlili\u011fi kutluyor ve herkesin geli\u015febilece\u011fi kapsay\u0131c\u0131 bir ortam yaratmaya kararl\u0131y\u0131z. Avantajlar ve Yan Haklar<\/p>\r\n<p><strong>Rekabet\u00e7i Maa\u015f<\/strong>: Becerilerinizi ve deneyiminizi yans\u0131tan bir \u00fccret paketi al\u0131n.<\/p>\r\n<p><strong>Sa\u011fl\u0131k ve Zindelik<\/strong>: Sizin ve ailenizin iyi bak\u0131lmas\u0131n\u0131 sa\u011flamak i\u00e7in kapsaml\u0131 sa\u011fl\u0131k avantajlar\u0131.<\/p>\r\n<p><strong>\u0130\u015f-Ya\u015fam Dengesi<\/strong>: Profesyonel ve ki\u015fisel ya\u015fam\u0131n\u0131z\u0131 dengelemenize yard\u0131mc\u0131 olacak esnek \u00e7al\u0131\u015fma saatleri ve uzaktan \u00e7al\u0131\u015fma se\u00e7enekleri.<\/p>\r\n<p><strong>Profesyonel Geli\u015fim<\/strong>: Kariyer geli\u015fiminizi desteklemek i\u00e7in e\u011fitim programlar\u0131na, at\u00f6lyelere ve sertifikalara eri\u015fim.<\/p>\r\n<p><strong>\u00c7al\u0131\u015fan Programlar\u0131<\/strong>: \u00c7e\u015fitli \u00e7al\u0131\u015fan kat\u0131l\u0131m programlar\u0131ndan, ekip etkinliklerinden ve \u015firket taraf\u0131ndan desteklenen etkinliklerden yararlan\u0131n.<\/p>\r\n<p>Kariyerinizde bir sonraki ad\u0131m\u0131 atmaya haz\u0131r m\u0131s\u0131n\u0131z? Barista, ihracat uzman\u0131, \u00fcretim uzman\u0131 veya finans uzman\u0131&#8230; Inovex Global Foods&#8217;a kat\u0131l\u0131n ve inovasyona, i\u015f birli\u011fine ve m\u00fckemmelli\u011fe de\u011fer veren bir ekibin par\u00e7as\u0131 olun. Birlikte harikalar yaratabiliriz.<\/p>\r\n<p><strong>Bize Ula\u015f\u0131n<\/strong><\/p>\r\n<p>Bir i\u015f hakk\u0131nda sorular\u0131n\u0131z m\u0131 var veya daha fazla bilgiye mi ihtiyac\u0131n\u0131z var? \u0130K ekibimize info@inovexfoods.com adresinden ula\u015f\u0131n veya \u00f6zge\u00e7mi\u015finizi y\u00fckleyin:<\/p>\r\n\r\n\r\n<div id=\"quform-1bf0c3\" class=\"quform quform-2 quform-support-page-caching\"><form id=\"quform-form-1bf0c3\" class=\"quform-form quform-form-2\" action=\"\/tr\/wp-json\/wp\/v2\/pages\/6885#quform-1bf0c3\" method=\"post\" enctype=\"multipart\/form-data\" novalidate=\"novalidate\" data-options=\"{&quot;id&quot;:2,&quot;uniqueId&quot;:&quot;1bf0c3&quot;,&quot;theme&quot;:&quot;&quot;,&quot;ajax&quot;:true,&quot;logic&quot;:{&quot;logic&quot;:[],&quot;dependents&quot;:[],&quot;elementIds&quot;:[],&quot;dependentElementIds&quot;:[],&quot;animate&quot;:true},&quot;currentPageId&quot;:1,&quot;errorsIcon&quot;:&quot;&quot;,&quot;updateFancybox&quot;:true,&quot;hasPages&quot;:false,&quot;pages&quot;:[1],&quot;pageProgressType&quot;:&quot;numbers&quot;,&quot;tooltipsEnabled&quot;:true,&quot;tooltipClasses&quot;:&quot;qtip-quform-dark qtip-shadow&quot;,&quot;tooltipMy&quot;:&quot;left center&quot;,&quot;tooltipAt&quot;:&quot;right center&quot;,&quot;isRtl&quot;:false,&quot;scrollOffset&quot;:-50,&quot;scrollSpeed&quot;:800}\"><button class=\"quform-default-submit\" name=\"quform_submit\" type=\"submit\" value=\"submit\" aria-hidden=\"true\" tabindex=\"-1\"><\/button><div class=\"quform-form-inner quform-form-inner-2\"><input type=\"hidden\" name=\"quform_form_id\" value=\"2\" \/><input type=\"hidden\" name=\"quform_form_uid\" value=\"1bf0c3\" \/><input type=\"hidden\" name=\"quform_count\" value=\"1\" \/><input type=\"hidden\" name=\"form_url\" value=\"https:\/\/inovexfoods.com\/tr\/wp-json\/wp\/v2\/pages\/6885\" \/><input type=\"hidden\" name=\"referring_url\" value=\"\" \/><input type=\"hidden\" name=\"post_id\" value=\"\" \/><input type=\"hidden\" name=\"post_title\" value=\"\" \/><input type=\"hidden\" name=\"quform_current_page_id\" value=\"1\" \/><input type=\"hidden\" name=\"quform_csrf_token\" value=\"JrXMCbGXlSxyjQQl2AfnMP8RPOwscSRfLwfA9UGg\" \/><div class=\"quform-elements quform-elements-2 quform-cf quform-responsive-elements-phone-landscape\"><div class=\"quform-element quform-element-page quform-page-1 quform-page-2_1 quform-cf quform-group-style-plain quform-first-page quform-last-page quform-current-page\"><div class=\"quform-child-elements\"><div class=\"quform-element quform-element-name quform-element-2_4 quform-cf quform-element-optional\"><div class=\"quform-spacer\"><div class=\"quform-label quform-label-2_4\"><label class=\"quform-label-text\" id=\"quform_2_4_1bf0c3_label\">Name<\/label><\/div><div class=\"quform-inner quform-inner-name quform-inner-2_4\"><div class=\"quform-input quform-input-name quform-input-2_4 quform-cf\"><div class=\"quform-element-row quform-2-columns quform-element-row-size-fixed quform-responsive-columns-phone-landscape\"><div class=\"quform-element-column\"><div class=\"quform-element quform-element-text quform-element-2_4_2 quform-cf quform-element-optional\"><div class=\"quform-spacer\"><div class=\"quform-inner quform-inner-text quform-inner-2_4_2\"><div class=\"quform-input quform-input-text quform-input-2_4_2 quform-cf\"><input type=\"text\" id=\"quform_2_4_2_1bf0c3\" name=\"quform_2_4[2]\" class=\"quform-field quform-field-text quform-field-2_4_2\" aria-labelledby=\"quform_2_4_1bf0c3_label quform_2_4_2_1bf0c3_sub_label_below\" \/><\/div><label id=\"quform_2_4_2_1bf0c3_sub_label_below\" class=\"quform-sub-label quform-sub-label-below\">First<\/label><\/div><\/div><\/div><\/div><div class=\"quform-element-column\"><div class=\"quform-element quform-element-text quform-element-2_4_4 quform-cf quform-element-optional\"><div class=\"quform-spacer\"><div class=\"quform-inner quform-inner-text quform-inner-2_4_4\"><div class=\"quform-input quform-input-text quform-input-2_4_4 quform-cf\"><input type=\"text\" id=\"quform_2_4_4_1bf0c3\" name=\"quform_2_4[4]\" class=\"quform-field quform-field-text quform-field-2_4_4\" aria-labelledby=\"quform_2_4_1bf0c3_label quform_2_4_4_1bf0c3_sub_label_below\" \/><\/div><label id=\"quform_2_4_4_1bf0c3_sub_label_below\" class=\"quform-sub-label quform-sub-label-below\">Last<\/label><\/div><\/div><\/div><\/div><\/div><\/div><\/div><\/div><\/div><div class=\"quform-element quform-element-select quform-element-2_7 quform-cf quform-element-required\"><div class=\"quform-spacer\"><div class=\"quform-label quform-label-2_7\"><label class=\"quform-label-text\" for=\"quform_2_7_1bf0c3\">Please Select Position<span class=\"quform-required\">*<\/span><\/label><\/div><div class=\"quform-inner quform-inner-select quform-inner-2_7\"><div class=\"quform-input quform-input-select quform-input-2_7 quform-cf\"><select id=\"quform_2_7_1bf0c3\" name=\"quform_2_7\" class=\"quform-field quform-field-select quform-field-2_7\"><option value=\"\">L\u00fctfen se\u00e7in<\/option><option value=\"Production\">Production<\/option><option value=\"Sales\">Sales<\/option><option value=\"Operation \">Operation <\/option><option value=\"Marketing\">Marketing<\/option><option value=\"Finance\" selected=\"selected\">Finance<\/option><\/select><\/div><\/div><\/div><\/div><div class=\"quform-element quform-element-file quform-element-2_5 quform-cf quform-element-required\"><div class=\"quform-spacer\"><div class=\"quform-label quform-label-2_5\"><label class=\"quform-label-text\" for=\"quform_2_5_1bf0c3\">Upload Your Cv<span class=\"quform-required\">*<\/span><\/label><\/div><div class=\"quform-inner quform-inner-file quform-inner-2_5\"><div class=\"quform-input quform-input-file quform-input-2_5 quform-cf quform-button-style-theme\"><input type=\"file\" id=\"quform_2_5_1bf0c3\" name=\"quform_2_5[]\" class=\"quform-field quform-field-file quform-field-2_5 quform-field-file-enhanced\" data-config=\"{&quot;id&quot;:5,&quot;identifier&quot;:&quot;2_5&quot;,&quot;name&quot;:&quot;quform_2_5&quot;,&quot;max&quot;:1,&quot;size&quot;:10485760,&quot;allowedExtensions&quot;:[&quot;jpg&quot;,&quot;jpeg&quot;,&quot;png&quot;,&quot;gif&quot;,&quot;pdf&quot;,&quot;doc&quot;],&quot;notAllowedTypeWithFilename&quot;:&quot;File type of &#039;%filename%&#039; is not allowed&quot;,&quot;tooBigWithFilename&quot;:&quot;&#039;%filename%&#039; dosya ad\\u0131, izin verilen maksimum dosya boyutunu a\\u015f\\u0131yor&quot;,&quot;tooMany&quot;:&quot;%max%&#039;den fazla dosya y\\u00fckleyemezsiniz&quot;,&quot;buttonType&quot;:&quot;button&quot;,&quot;buttonText&quot;:&quot;Ara\\u015ft\\u0131r...&quot;,&quot;buttonIcon&quot;:&quot;qicon-file_upload&quot;,&quot;buttonIconPosition&quot;:&quot;right&quot;}\" \/><\/div><\/div><\/div><\/div><div class=\"quform-element quform-element-submit quform-element-2_2 quform-cf quform-button-style-theme\"><div class=\"quform-button-submit quform-button-submit-default quform-button-submit-2_2\"><button name=\"quform_submit\" type=\"submit\" class=\"quform-submit\" value=\"submit\"><span class=\"quform-button-text quform-button-submit-text\">G\u00f6nder<\/span><\/button><\/div><div class=\"quform-loading quform-loading-position-left quform-loading-type-spinner-1\"><div class=\"quform-loading-inner\"><div class=\"quform-loading-spinner\"><div class=\"quform-loading-spinner-inner\"><\/div><\/div><\/div><\/div><\/div><div class=\"quform-element-tree\"><label for=\"quform_2_0_1bf0c3\">Bu alan bo\u015f b\u0131rak\u0131lmal\u0131d\u0131r<\/label><input type=\"text\" id=\"quform_2_0_1bf0c3\" name=\"quform_2_0\" class=\"quform-field quform-field-tree quform-field-2_0\" tabindex=\"-1\" autocomplete=\"off\" \/><\/div><\/div><\/div><\/div><div class=\"quform-upload-progress-wrap\"><div class=\"quform-upload-progress-bar-wrap\"><div class=\"quform-upload-progress-bar\"><\/div><\/div><div class=\"quform-upload-info quform-cf\"><div class=\"quform-upload-filename\"><\/div><\/div><\/div><\/div><\/form><\/div>","protected":false},"excerpt":{"rendered":"<p>Ekibimize Kat\u0131l\u0131n ve Gelece\u011fi \u015eekillendirin Inovex Global Foods olarak, ba\u015far\u0131m\u0131z\u0131n yetenekli ve \u00f6zverili ekibimizden geldi\u011fine inan\u0131yoruz. Fark yaratmaya istekli, tutkulu,<\/p>\n","protected":false},"author":1,"featured_media":2635,"parent":0,"menu_order":0,"comment_status":"closed","ping_status":"closed","template":"","meta":{"footnotes":""},"class_list":["post-6885","page","type-page","status-publish","has-post-thumbnail","hentry"],"_links":{"self":[{"href":"https:\/\/inovexfoods.com\/tr\/wp-json\/wp\/v2\/pages\/6885","targetHints":{"allow":["GET"]}}],"collection":[{"href":"https:\/\/inovexfoods.com\/tr\/wp-json\/wp\/v2\/pages"}],"about":[{"href":"https:\/\/inovexfoods.com\/tr\/wp-json\/wp\/v2\/types\/page"}],"author":[{"embeddable":true,"href":"https:\/\/inovexfoods.com\/tr\/wp-json\/wp\/v2\/users\/1"}],"replies":[{"embeddable":true,"href":"https:\/\/inovexfoods.com\/tr\/wp-json\/wp\/v2\/comments?post=6885"}],"version-history":[{"count":2,"href":"https:\/\/inovexfoods.com\/tr\/wp-json\/wp\/v2\/pages\/6885\/revisions"}],"predecessor-version":[{"id":6982,"href":"https:\/\/inovexfoods.com\/tr\/wp-json\/wp\/v2\/pages\/6885\/revisions\/6982"}],"wp:featuredmedia":[{"embeddable":true,"href":"https:\/\/inovexfoods.com\/tr\/wp-json\/wp\/v2\/media\/2635"}],"wp:attachment":[{"href":"https:\/\/inovexfoods.com\/tr\/wp-json\/wp\/v2\/media?parent=6885"}],"curies":[{"name":"wp","href":"https:\/\/api.w.org\/{rel}","templated":true}]}}