{"id":6880,"date":"2024-01-02T13:15:37","date_gmt":"2024-01-02T13:15:37","guid":{"rendered":"https:\/\/www.inovexfoods.com\/quality-policy\/"},"modified":"2025-08-06T15:12:05","modified_gmt":"2025-08-06T15:12:05","slug":"kalite-politikamiz","status":"publish","type":"page","link":"https:\/\/inovexfoods.com\/tr\/kalite-politikamiz\/","title":{"rendered":"Kalite Politikam\u0131z"},"content":{"rendered":"\t\t<div data-elementor-type=\"wp-page\" data-elementor-id=\"6880\" class=\"elementor elementor-6880 elementor-163\">\n\t\t\t\t<div class=\"elementor-element elementor-element-9d71ed8 e-flex e-con-boxed wd-section-disabled e-con e-parent\" data-id=\"9d71ed8\" data-element_type=\"container\">\n\t\t\t\t\t<div class=\"e-con-inner\">\n\t\t<div class=\"elementor-element elementor-element-fb42490 e-con-full e-flex wd-section-disabled e-con e-child\" data-id=\"fb42490\" data-element_type=\"container\">\n\t\t\t\t<div class=\"elementor-element elementor-element-684ef09 color-scheme-inherit text-left elementor-widget elementor-widget-text-editor\" data-id=\"684ef09\" data-element_type=\"widget\" data-widget_type=\"text-editor.default\">\n\t\t\t\t<div class=\"elementor-widget-container\">\n\t\t\t\t\t\t\t\t\t<p>Sa\u011flad\u0131\u011f\u0131m\u0131z g\u0131dalar\u0131n kalitesi, laboratuvar \u00fcst y\u00f6netiminin g\u00fcvencesi alt\u0131ndad\u0131r.<\/p><p>Ulusal ve uluslararas\u0131 standartlara uygun \u00fcr\u00fcnler sunmak, hijyenik ortamlarda depolama ve da\u011f\u0131t\u0131m\u0131n\u0131 ger\u00e7ekle\u015ftirmek, m\u00fc\u015fteri beklentilerini yerinde tespit etmek ve hijyenik bir \u00fcr\u00fcn zinciri olu\u015fturmak i\u00e7in personel e\u011fitimine ve bilin\u00e7lendirme faaliyetlerine \u00f6nem ve hassasiyet g\u00f6stermek.<\/p><p><strong>Kalite Y\u00f6netim Sistemimiz:<\/strong><\/p><p><strong>Y\u00f6netmeliklere Uygunluk:<\/strong> Inovex Global Foods, i\u00e7ecek \u00fcretimi ve pazarlamas\u0131n\u0131 d\u00fczenleyen t\u00fcm ilgili ulusal ve uluslararas\u0131 d\u00fczenlemelere uymaktad\u0131r.<\/p><p><strong>\u00c7al\u0131\u015fan E\u011fitimi ve Geli\u015fimi:<\/strong> Ekibimiz en b\u00fcy\u00fck varl\u0131\u011f\u0131m\u0131zd\u0131r. \u00c7al\u0131\u015fanlar\u0131m\u0131z\u0131n e\u011fitim ve geli\u015fimine yat\u0131r\u0131m yaparak, y\u00fcksek kalite standartlar\u0131m\u0131z\u0131 korumak ve geli\u015ftirmek i\u00e7in iyi donan\u0131ml\u0131 olmalar\u0131n\u0131 sa\u011fl\u0131yoruz.<\/p><p><strong>S\u00fcrekli \u0130zleme ve De\u011ferlendirme:<\/strong> Malzeme tedarikinden nihai \u00fcr\u00fcn da\u011f\u0131t\u0131m\u0131na kadar \u00fcretim s\u00fcre\u00e7lerimizin t\u00fcm y\u00f6nlerini izlemek ve de\u011ferlendirmek i\u00e7in titiz bir sistem kullan\u0131yoruz. Bu sistem, iyile\u015ftirme alanlar\u0131n\u0131 belirlememizi ve d\u00fczeltici eylemleri h\u0131zla uygulamam\u0131z\u0131 sa\u011fl\u0131yor.<\/p><p><strong>Tedarik\u00e7i \u0130\u015f Birli\u011fi:<\/strong> Tedarik\u00e7ilerimizle yak\u0131n bir \u015fekilde \u00e7al\u0131\u015farak, kalite, s\u00fcrd\u00fcr\u00fclebilirlik ve etik i\u015f uygulamalar\u0131 gibi ortak de\u011ferlere dayal\u0131 i\u015f birli\u011fi ili\u015fkileri geli\u015ftiriyoruz.<\/p><p><strong>Taahh\u00fcd\u00fcm\u00fcz:<\/strong> Inovex Global Foods, i\u015fimizin her alan\u0131nda m\u00fckemmellik aray\u0131\u015f\u0131n\u0131 aral\u0131ks\u0131z s\u00fcrd\u00fcrmeye kendini adam\u0131\u015ft\u0131r. Kalite, inovasyon ve s\u00fcrd\u00fcr\u00fclebilirli\u011fe olan ba\u011fl\u0131l\u0131\u011f\u0131m\u0131zla, m\u00fc\u015fterilerimiz ve payda\u015flar\u0131m\u0131zla kal\u0131c\u0131 bir g\u00fcven in\u015fa etmeyi hedefliyoruz.<\/p><p>Bu kalite politikas\u0131, geli\u015fen i\u015f hedeflerimiz ve sekt\u00f6rdeki en iyi uygulamalarla uyumlu olmas\u0131n\u0131 sa\u011flamak i\u00e7in d\u00fczenli olarak g\u00f6zden ge\u00e7irilen ve s\u00fcrekli iyile\u015ftirilen canl\u0131 bir belge niteli\u011findedir.<\/p><p>ISO 9001, ISO\/IEC 45001:2018, ISO 22000 ve ISO EN 15593, kurdu\u011fumuz kalite sistemimizi teknolojik geli\u015fmelerle destekleyerek ve sistemde s\u00fcrekli iyile\u015ftirme sa\u011flayarak etkili bir de\u011ferlendirme sistemi olu\u015fturmaktad\u0131r.<\/p>\t\t\t\t\t\t\t\t<\/div>\n\t\t\t\t<\/div>\n\t\t\t\t<\/div>\n\t\t<div class=\"elementor-element elementor-element-4179824 e-con-full e-flex wd-section-disabled e-con e-child\" data-id=\"4179824\" data-element_type=\"container\">\n\t\t\t\t<div class=\"elementor-element elementor-element-e98a74c elementor-widget__width-initial elementor-widget elementor-widget-image\" data-id=\"e98a74c\" data-element_type=\"widget\" data-widget_type=\"image.default\">\n\t\t\t\t<div class=\"elementor-widget-container\">\n\t\t\t\t\t\t\t\t\t\t\t\t\t\t\t<img fetchpriority=\"high\" decoding=\"async\" width=\"683\" height=\"1024\" src=\"https:\/\/inovexfoods.com\/wp-content\/uploads\/2024\/01\/bartender-making-delicious-refreshing-cocktail-683x1024.jpg\" class=\"attachment-large size-large wp-image-2207\" alt=\"\" srcset=\"https:\/\/inovexfoods.com\/wp-content\/uploads\/2024\/01\/bartender-making-delicious-refreshing-cocktail-683x1024.jpg 683w, https:\/\/inovexfoods.com\/wp-content\/uploads\/2024\/01\/bartender-making-delicious-refreshing-cocktail-scaled-300x450.jpg 300w, https:\/\/inovexfoods.com\/wp-content\/uploads\/2024\/01\/bartender-making-delicious-refreshing-cocktail-scaled-150x225.jpg 150w, https:\/\/inovexfoods.com\/wp-content\/uploads\/2024\/01\/bartender-making-delicious-refreshing-cocktail-scaled-600x900.jpg 600w, https:\/\/inovexfoods.com\/wp-content\/uploads\/2024\/01\/bartender-making-delicious-refreshing-cocktail-200x300.jpg 200w, https:\/\/inovexfoods.com\/wp-content\/uploads\/2024\/01\/bartender-making-delicious-refreshing-cocktail-768x1152.jpg 768w, https:\/\/inovexfoods.com\/wp-content\/uploads\/2024\/01\/bartender-making-delicious-refreshing-cocktail-1024x1536.jpg 1024w, https:\/\/inovexfoods.com\/wp-content\/uploads\/2024\/01\/bartender-making-delicious-refreshing-cocktail-1365x2048.jpg 1365w, https:\/\/inovexfoods.com\/wp-content\/uploads\/2024\/01\/bartender-making-delicious-refreshing-cocktail-scaled.jpg 1707w\" sizes=\"(max-width: 683px) 100vw, 683px\" \/>\t\t\t\t\t\t\t\t\t\t\t\t\t\t\t<\/div>\n\t\t\t\t<\/div>\n\t\t\t\t<\/div>\n\t\t\t\t\t<\/div>\n\t\t\t\t<\/div>\n\t\t\t\t<\/div>\n\t\t","protected":false},"excerpt":{"rendered":"<p>Sa\u011flad\u0131\u011f\u0131m\u0131z g\u0131dalar\u0131n kalitesi, laboratuvar \u00fcst y\u00f6netiminin g\u00fcvencesi alt\u0131ndad\u0131r. Ulusal ve uluslararas\u0131 standartlara uygun \u00fcr\u00fcnler sunmak, hijyenik ortamlarda depolama ve da\u011f\u0131t\u0131m\u0131n\u0131<\/p>\n","protected":false},"author":1,"featured_media":0,"parent":0,"menu_order":0,"comment_status":"closed","ping_status":"closed","template":"","meta":{"footnotes":""},"class_list":["post-6880","page","type-page","status-publish","hentry"],"_links":{"self":[{"href":"https:\/\/inovexfoods.com\/tr\/wp-json\/wp\/v2\/pages\/6880","targetHints":{"allow":["GET"]}}],"collection":[{"href":"https:\/\/inovexfoods.com\/tr\/wp-json\/wp\/v2\/pages"}],"about":[{"href":"https:\/\/inovexfoods.com\/tr\/wp-json\/wp\/v2\/types\/page"}],"author":[{"embeddable":true,"href":"https:\/\/inovexfoods.com\/tr\/wp-json\/wp\/v2\/users\/1"}],"replies":[{"embeddable":true,"href":"https:\/\/inovexfoods.com\/tr\/wp-json\/wp\/v2\/comments?post=6880"}],"version-history":[{"count":0,"href":"https:\/\/inovexfoods.com\/tr\/wp-json\/wp\/v2\/pages\/6880\/revisions"}],"wp:attachment":[{"href":"https:\/\/inovexfoods.com\/tr\/wp-json\/wp\/v2\/media?parent=6880"}],"curies":[{"name":"wp","href":"https:\/\/api.w.org\/{rel}","templated":true}]}}