{"id":6873,"date":"2024-01-02T13:15:23","date_gmt":"2024-01-02T13:15:23","guid":{"rendered":"https:\/\/www.inovexfoods.com\/values\/"},"modified":"2025-08-14T15:47:20","modified_gmt":"2025-08-14T15:47:20","slug":"degerlerimiz","status":"publish","type":"page","link":"https:\/\/inovexfoods.com\/tr\/degerlerimiz\/","title":{"rendered":"De\u011ferlerimiz"},"content":{"rendered":"\t\t<div data-elementor-type=\"wp-page\" data-elementor-id=\"6873\" class=\"elementor elementor-6873 elementor-161\">\n\t\t\t\t<div class=\"elementor-element elementor-element-cac4f15 e-flex e-con-boxed wd-section-disabled e-con e-parent\" data-id=\"cac4f15\" data-element_type=\"container\">\n\t\t\t\t\t<div class=\"e-con-inner\">\n\t\t<div class=\"elementor-element elementor-element-b83d0be e-con-full e-flex wd-section-disabled e-con e-child\" data-id=\"b83d0be\" data-element_type=\"container\">\n\t\t\t\t<div class=\"elementor-element elementor-element-2665321 elementor-widget elementor-widget-wd_text_block\" data-id=\"2665321\" data-element_type=\"widget\" data-widget_type=\"wd_text_block.default\">\n\t\t\t\t<div class=\"elementor-widget-container\">\n\t\t\t\t\t\t\t<div class=\"wd-text-block reset-last-child text-left\">\n\t\t\t\n\t\t\t<h3>\u015eirketimizi karakterize eden ve k\u00fclt\u00fcrel \u00f6zelliklerini yans\u0131tan benzersiz inan\u00e7 ve de\u011fer yelpazesini temsil ediyoruz;<br \/>Bilimsel ve etik kurallara ba\u011fl\u0131 kalarak bir ekip olarak \u00e7al\u0131\u015f\u0131yoruz. G\u00fc\u00e7l\u00fc altyap\u0131m\u0131z ve teknolojimizle, \u00e7e\u015fitli y\u00f6netim ve yat\u0131r\u0131m prensiplerimizle s\u00fcrd\u00fcr\u00fclebilirli\u011fimizi g\u00fcvence alt\u0131na al\u0131yor ve d\u00fcnya ko\u015fullar\u0131n\u0131n her an de\u011fi\u015febilece\u011finin bilincinde olarak, ya\u015fam\u0131n dinamik yap\u0131s\u0131ndaki t\u00fcm g\u0131da g\u00fcvenli\u011fi ad\u0131mlar\u0131n\u0131 s\u00fcrekli olarak takip ediyoruz.<\/h3>\n<h3>Kalite M\u00fckemmelli\u011fi: Hassasiyet ve tutkuyla haz\u0131rlanm\u0131\u015f, en y\u00fcksek kalitede i\u00e7ecekler sunmaya kendimizi adad\u0131k. M\u00fckemmelli\u011fe olan ba\u011fl\u0131l\u0131\u011f\u0131m\u0131z, her yudumun sars\u0131lmaz m\u00fckemmellik aray\u0131\u015f\u0131m\u0131z\u0131 yans\u0131tmas\u0131n\u0131 sa\u011flar.<\/h3>\n<h3>M\u00fc\u015fteri Memnuniyeti: M\u00fc\u015fterilerimiz yapt\u0131\u011f\u0131m\u0131z her \u015feyin merkezindedir. Ola\u011fan\u00fcst\u00fc \u00fcr\u00fcnler ve e\u015fsiz hizmet sunarak beklentilerini a\u015fmaya kararl\u0131y\u0131z. M\u00fc\u015fteri memnuniyeti sadece bir hedef de\u011fil, ayn\u0131 zamanda s\u00f6z\u00fcm\u00fczd\u00fcr.<\/h3>\n<h3>Yenilik\u00e7ilik ve Yarat\u0131c\u0131l\u0131k: Yenilik ve yarat\u0131c\u0131l\u0131\u011f\u0131 s\u00fcrekli iyile\u015ftirmenin kataliz\u00f6rleri olarak benimsiyoruz. E\u015fsiz lezzet kombinasyonlar\u0131ndan \u00e7\u0131\u011f\u0131r a\u00e7an ambalajlara kadar, i\u00e7ecek sekt\u00f6r\u00fcnde s\u0131n\u0131rlar\u0131 zorlamaya ve yeni standartlar belirlemeye \u00e7al\u0131\u015f\u0131yoruz.<\/h3>\n<h3>S\u00fcrd\u00fcr\u00fclebilirlik ve Sorumluluk: \u00c7evrenin koruyucular\u0131 olarak, ekolojik ayak izimizi en aza indiren s\u00fcrd\u00fcr\u00fclebilir uygulamalara kendimizi adad\u0131k. Gezegen \u00fczerindeki etkimizin sorumlulu\u011funu \u00fcstleniyor, etik kaynaklardan yararlan\u0131yor ve operasyonlar\u0131m\u0131z genelinde \u00e7evre dostu giri\u015fimleri te\u015fvik ediyoruz.<\/h3>\n<h3>\u015eeffafl\u0131k ve D\u00fcr\u00fcstl\u00fck: \u015eeffafl\u0131k, hem m\u00fc\u015fterilerimizle hem de ortaklar\u0131m\u0131zla olan ili\u015fkilerimizin temel ta\u015f\u0131d\u0131r. \u0130\u015fimizi en \u00fcst d\u00fczeyde d\u00fcr\u00fcstl\u00fckle y\u00fcr\u00fct\u00fcyor, t\u00fcm etkile\u015fimlerimizde d\u00fcr\u00fcstl\u00fck, a\u00e7\u0131kl\u0131k ve hesap verebilirlik sa\u011fl\u0131yoruz.<\/h3>\n<h3>Topluluk Kat\u0131l\u0131m\u0131: Bizi destekleyen topluluklara geri vermeye inan\u0131yoruz. Hay\u0131rseverlik ve topluluk kat\u0131l\u0131m\u0131 yoluyla olumlu bir etki yaratmay\u0131, refah\u0131 te\u015fvik etmeyi ve toplumun iyile\u015ftirilmesine katk\u0131da bulunmay\u0131 hedefliyoruz.<\/h3>\n<h3>\u00c7al\u0131\u015fan G\u00fc\u00e7lendirmesi: Ekibimiz en b\u00fcy\u00fck varl\u0131\u011f\u0131m\u0131zd\u0131r. Sayg\u0131, \u00e7e\u015fitlilik ve kapsay\u0131c\u0131l\u0131k k\u00fclt\u00fcr\u00fcn\u00fc te\u015fvik ederek \u00e7al\u0131\u015fanlar\u0131m\u0131z\u0131n hem ki\u015fisel hem de profesyonel olarak geli\u015fmelerini sa\u011fl\u0131yoruz. Motive olmu\u015f ve tatmin olmu\u015f bir ekibin kolektif ba\u015far\u0131m\u0131z i\u00e7in \u015fart oldu\u011funa inan\u0131yoruz.<\/h3>\n<h3>Sa\u011fl\u0131k ve Zindelik Tutkusu: \u0130\u00e7eceklerimizin insanlar\u0131n ya\u015famlar\u0131nda oynad\u0131\u011f\u0131 rol\u00fcn bilincinde olarak, sa\u011fl\u0131k ve zindeli\u011fin savunucusuyuz. Dengeli ve sa\u011fl\u0131kl\u0131 bir ya\u015fam tarz\u0131na katk\u0131da bulunan se\u00e7enekler sunmaya kendimizi adad\u0131k.<\/h3>\n<h3>S\u00fcrekli \u00d6\u011frenme ve Uyum: Dinamik bir sekt\u00f6rde, de\u011fi\u015fimi benimsiyor ve s\u00fcrekli olarak \u00f6\u011frenme ve b\u00fcy\u00fcme f\u0131rsatlar\u0131 ar\u0131yoruz. Uyum sa\u011flama yetene\u011fimiz, trendlerin \u00f6n\u00fcnde kalmam\u0131z\u0131 ve \u00fcr\u00fcnlerimizin g\u00fcncel ve yenilik\u00e7i kalmas\u0131n\u0131 sa\u011fl\u0131yor.<\/h3>\n<h3>M\u00fc\u015fteri E\u011fitimi: M\u00fc\u015fterilerimizi i\u00e7eceklerimizin i\u00e7erikleri, s\u00fcre\u00e7leri, barista becerileri ve faydalar\u0131 konusunda e\u011fitmeye adad\u0131k kendimizi. Bilgili t\u00fcketiciler, yetkin se\u00e7imler yapar ve g\u00fcvenilir bir bilgi kayna\u011f\u0131 olmaya \u00e7al\u0131\u015f\u0131yoruz.<br \/>Bu de\u011ferler, i\u00e7ecek \u015firketimizin kimli\u011fini \u015fekillendirerek, \u00e7evremizdeki d\u00fcnya \u00fczerinde olumlu bir etki yarat\u0131rken ola\u011fan\u00fcst\u00fc \u00fcr\u00fcnler sunma yolculu\u011fumuzda bize rehberlik ediyor.<\/h3>\n\t\t\t\t\t<\/div>\n\t\t\t\t\t\t<\/div>\n\t\t\t\t<\/div>\n\t\t\t\t<\/div>\n\t\t<div class=\"elementor-element elementor-element-b53df96 e-con-full e-flex wd-section-disabled e-con e-child\" data-id=\"b53df96\" data-element_type=\"container\">\n\t\t\t\t<div class=\"elementor-element elementor-element-f60fd7f elementor-widget elementor-widget-image\" data-id=\"f60fd7f\" data-element_type=\"widget\" data-widget_type=\"image.default\">\n\t\t\t\t<div class=\"elementor-widget-container\">\n\t\t\t\t\t\t\t\t\t\t\t\t\t\t\t<img fetchpriority=\"high\" decoding=\"async\" width=\"1024\" height=\"683\" src=\"https:\/\/inovexfoods.com\/wp-content\/uploads\/2024\/01\/bean-white-background-beans-coffee-1024x683.jpg\" class=\"attachment-large size-large wp-image-2199\" alt=\"\" srcset=\"https:\/\/inovexfoods.com\/wp-content\/uploads\/2024\/01\/bean-white-background-beans-coffee-1024x683.jpg 1024w, https:\/\/inovexfoods.com\/wp-content\/uploads\/2024\/01\/bean-white-background-beans-coffee-300x200.jpg 300w, https:\/\/inovexfoods.com\/wp-content\/uploads\/2024\/01\/bean-white-background-beans-coffee-scaled-150x100.jpg 150w, https:\/\/inovexfoods.com\/wp-content\/uploads\/2024\/01\/bean-white-background-beans-coffee-scaled-600x400.jpg 600w, https:\/\/inovexfoods.com\/wp-content\/uploads\/2024\/01\/bean-white-background-beans-coffee-768x512.jpg 768w, https:\/\/inovexfoods.com\/wp-content\/uploads\/2024\/01\/bean-white-background-beans-coffee-1536x1024.jpg 1536w, https:\/\/inovexfoods.com\/wp-content\/uploads\/2024\/01\/bean-white-background-beans-coffee-2048x1365.jpg 2048w\" sizes=\"(max-width: 1024px) 100vw, 1024px\" \/>\t\t\t\t\t\t\t\t\t\t\t\t\t\t\t<\/div>\n\t\t\t\t<\/div>\n\t\t\t\t<div class=\"elementor-element elementor-element-98f41b8 elementor-widget elementor-widget-image\" data-id=\"98f41b8\" data-element_type=\"widget\" data-widget_type=\"image.default\">\n\t\t\t\t<div class=\"elementor-widget-container\">\n\t\t\t\t\t\t\t\t\t\t\t\t\t\t\t<img decoding=\"async\" width=\"1024\" height=\"683\" src=\"https:\/\/inovexfoods.com\/wp-content\/uploads\/2024\/01\/close-up-delicious-drinks-1024x683.jpg\" class=\"attachment-large size-large wp-image-2271\" alt=\"\" srcset=\"https:\/\/inovexfoods.com\/wp-content\/uploads\/2024\/01\/close-up-delicious-drinks-1024x683.jpg 1024w, https:\/\/inovexfoods.com\/wp-content\/uploads\/2024\/01\/close-up-delicious-drinks-300x200.jpg 300w, https:\/\/inovexfoods.com\/wp-content\/uploads\/2024\/01\/close-up-delicious-drinks-scaled-150x100.jpg 150w, https:\/\/inovexfoods.com\/wp-content\/uploads\/2024\/01\/close-up-delicious-drinks-scaled-600x400.jpg 600w, https:\/\/inovexfoods.com\/wp-content\/uploads\/2024\/01\/close-up-delicious-drinks-768x512.jpg 768w, https:\/\/inovexfoods.com\/wp-content\/uploads\/2024\/01\/close-up-delicious-drinks-1536x1024.jpg 1536w, https:\/\/inovexfoods.com\/wp-content\/uploads\/2024\/01\/close-up-delicious-drinks-2048x1365.jpg 2048w\" sizes=\"(max-width: 1024px) 100vw, 1024px\" \/>\t\t\t\t\t\t\t\t\t\t\t\t\t\t\t<\/div>\n\t\t\t\t<\/div>\n\t\t\t\t<\/div>\n\t\t\t\t\t<\/div>\n\t\t\t\t<\/div>\n\t\t\t\t<\/div>\n\t\t","protected":false},"excerpt":{"rendered":"<p>\u015eirketimizi karakterize eden ve k\u00fclt\u00fcrel \u00f6zelliklerini yans\u0131tan benzersiz inan\u00e7 ve de\u011fer yelpazesini temsil ediyoruz; Bilimsel ve etik kurallara ba\u011fl\u0131 kalarak<\/p>\n","protected":false},"author":1,"featured_media":0,"parent":0,"menu_order":0,"comment_status":"closed","ping_status":"closed","template":"","meta":{"footnotes":""},"class_list":["post-6873","page","type-page","status-publish","hentry"],"_links":{"self":[{"href":"https:\/\/inovexfoods.com\/tr\/wp-json\/wp\/v2\/pages\/6873","targetHints":{"allow":["GET"]}}],"collection":[{"href":"https:\/\/inovexfoods.com\/tr\/wp-json\/wp\/v2\/pages"}],"about":[{"href":"https:\/\/inovexfoods.com\/tr\/wp-json\/wp\/v2\/types\/page"}],"author":[{"embeddable":true,"href":"https:\/\/inovexfoods.com\/tr\/wp-json\/wp\/v2\/users\/1"}],"replies":[{"embeddable":true,"href":"https:\/\/inovexfoods.com\/tr\/wp-json\/wp\/v2\/comments?post=6873"}],"version-history":[{"count":1,"href":"https:\/\/inovexfoods.com\/tr\/wp-json\/wp\/v2\/pages\/6873\/revisions"}],"predecessor-version":[{"id":7116,"href":"https:\/\/inovexfoods.com\/tr\/wp-json\/wp\/v2\/pages\/6873\/revisions\/7116"}],"wp:attachment":[{"href":"https:\/\/inovexfoods.com\/tr\/wp-json\/wp\/v2\/media?parent=6873"}],"curies":[{"name":"wp","href":"https:\/\/api.w.org\/{rel}","templated":true}]}}