{"id":6855,"date":"2024-01-02T13:04:22","date_gmt":"2024-01-02T13:04:22","guid":{"rendered":"https:\/\/www.inovexfoods.com\/vision\/"},"modified":"2025-08-14T15:45:19","modified_gmt":"2025-08-14T15:45:19","slug":"vizyon-misyon","status":"publish","type":"page","link":"https:\/\/inovexfoods.com\/tr\/vizyon-misyon\/","title":{"rendered":"Vizyon &#038; Misyon"},"content":{"rendered":"Inovex Global Foods olarak misyonumuz, duyular\u0131 harekete ge\u00e7iren ve hayat\u0131n anlaml\u0131 anlar\u0131n\u0131 zenginle\u015ftiren birinci s\u0131n\u0131f i\u00e7ecek malzemeleri \u00fcretmek ve sunmakt\u0131r. Bu Ba\u011flamdaki misyonumuz ve hedeflerimiz;\r\n\r\nKalite M\u00fckemmelli\u011fi: Unutulmaz ve ferahlat\u0131c\u0131 deneyimler yaratmak i\u00e7in inovasyonu gelenekle harmanlayarak en y\u00fcksek kalitede i\u00e7ecekler \u00fcretmek.\r\nM\u00fc\u015fteri Memnuniyeti: \u00c7e\u015fitli zevk ve tercihlere hitap eden ola\u011fan\u00fcst\u00fc \u00fcr\u00fcnler ve ki\u015fiselle\u015ftirilmi\u015f hizmetler sunarak m\u00fc\u015fteri beklentilerini s\u00fcrekli olarak a\u015fmak.\r\nS\u00fcrd\u00fcr\u00fclebilirlik ve Sorumluluk: S\u00fcrd\u00fcr\u00fclebilir uygulamalarda sekt\u00f6re \u00f6nc\u00fcl\u00fck etmek, \u00e7evresel etkimizi en aza indirmek ve tedarik zincirimiz boyunca sorumlu tedariki te\u015fvik etmek.\r\n\u0130novasyon ve Yarat\u0131c\u0131l\u0131k: \u00dcr\u00fcn geli\u015ftirme, paketleme ve pazarlamada yarat\u0131c\u0131l\u0131\u011f\u0131 te\u015fvik ederek bir inovasyon k\u00fclt\u00fcr\u00fc olu\u015fturmak ve sekt\u00f6r trendlerinin \u00f6n saflar\u0131nda yer almak.\r\n\r\nTopluluk Kat\u0131l\u0131m\u0131: Hizmet verdi\u011fimiz topluluklar\u0131n refah\u0131na aktif olarak katk\u0131da bulunarak, sorumlu kurumsal vatanda\u015flar olarak hareket etmek. \u00c7al\u0131\u015fan G\u00fc\u00e7lendirme: Ekip \u00fcyelerimizin g\u00fc\u00e7lendi\u011fi, de\u011fer g\u00f6rd\u00fc\u011f\u00fc ve ellerinden gelenin en iyisini yapmalar\u0131 i\u00e7in ilham ald\u0131\u011f\u0131, \u00e7e\u015fitlilik, e\u015fitlik ve kapsay\u0131c\u0131l\u0131k k\u00fclt\u00fcr\u00fcn\u00fc te\u015fvik eden bir i\u015f yeri yaratmak.\r\n\r\nSa\u011fl\u0131k ve Zindelik Tutkusu: Dengeli ve sa\u011fl\u0131kl\u0131 bir ya\u015fam tarz\u0131na katk\u0131da bulunan i\u00e7ecek se\u00e7enekleri sunarak sa\u011fl\u0131k ve zindeli\u011fi te\u015fvik etmek.\r\nS\u00fcrekli \u00d6\u011frenme ve Uyum: De\u011fi\u015fimi kucaklamak, s\u00fcrekli \u00f6\u011frenmek ve de\u011fi\u015fen t\u00fcketici tercihlerine ve sekt\u00f6r dinamiklerine uyum sa\u011flayarak \u00e7a\u011f\u0131n gerisinde kalmamak.\r\n\r\n\u015eeffafl\u0131k ve D\u00fcr\u00fcstl\u00fck: M\u00fc\u015fterilerimiz, ortaklar\u0131m\u0131z ve payda\u015flar\u0131m\u0131zla g\u00fcven olu\u015fturarak i\u015fimizi en \u00fcst d\u00fczeyde \u015feffafl\u0131k ve d\u00fcr\u00fcstl\u00fckle y\u00fcr\u00fctmek.\r\nK\u00fcresel Etki: K\u00fcresel ayak izimizi geni\u015fleterek, i\u00e7eceklerimizin keyfini payla\u015f\u0131rken d\u00fcnya \u00e7ap\u0131nda olumlu sosyal ve \u00e7evresel de\u011fi\u015fimlere aktif olarak katk\u0131da bulunmak.\r\nBu birle\u015fik vizyon ve misyon ifadeleri, Inovex Global Foods&#8217;un m\u00fckemmellik, yenilik\u00e7ilik, s\u00fcrd\u00fcr\u00fclebilirlik ve olumlu toplumsal etki taahh\u00fcd\u00fcn\u00fc yans\u0131tan hedeflerini ve amac\u0131n\u0131 \u00f6zetlemektedir.\r\n\r\n\r\n\r\n<img fetchpriority=\"high\" decoding=\"async\" src=\"https:\/\/www.inovexfoods.com\/wp-content\/uploads\/2024\/01\/coffee-glisse-cream-chocolate-sauceside-view-819x1024.jpg\" sizes=\"(max-width: 819px) 100vw, 819px\" srcset=\"https:\/\/www.inovexfoods.com\/wp-content\/uploads\/2024\/01\/coffee-glisse-cream-chocolate-sauceside-view-819x1024.jpg 819w, https:\/\/www.inovexfoods.com\/wp-content\/uploads\/2024\/01\/coffee-glisse-cream-chocolate-sauceside-view-scaled-300x375.jpg 300w, https:\/\/www.inovexfoods.com\/wp-content\/uploads\/2024\/01\/coffee-glisse-cream-chocolate-sauceside-view-scaled-150x188.jpg 150w, https:\/\/www.inovexfoods.com\/wp-content\/uploads\/2024\/01\/coffee-glisse-cream-chocolate-sauceside-view-scaled-600x750.jpg 600w, https:\/\/www.inovexfoods.com\/wp-content\/uploads\/2024\/01\/coffee-glisse-cream-chocolate-sauceside-view-240x300.jpg 240w, https:\/\/www.inovexfoods.com\/wp-content\/uploads\/2024\/01\/coffee-glisse-cream-chocolate-sauceside-view-768x960.jpg 768w, https:\/\/www.inovexfoods.com\/wp-content\/uploads\/2024\/01\/coffee-glisse-cream-chocolate-sauceside-view-1229x1536.jpg 1229w, https:\/\/www.inovexfoods.com\/wp-content\/uploads\/2024\/01\/coffee-glisse-cream-chocolate-sauceside-view-1638x2048.jpg 1638w, https:\/\/www.inovexfoods.com\/wp-content\/uploads\/2024\/01\/coffee-glisse-cream-chocolate-sauceside-view-scaled.jpg 2048w\" alt=\"\" width=\"819\" height=\"1024\" \/><!-- \/wp:post-content -->","protected":false},"excerpt":{"rendered":"<p>Inovex Global Foods olarak misyonumuz, duyular\u0131 harekete ge\u00e7iren ve hayat\u0131n anlaml\u0131 anlar\u0131n\u0131 zenginle\u015ftiren birinci s\u0131n\u0131f i\u00e7ecek malzemeleri \u00fcretmek ve sunmakt\u0131r.<\/p>\n","protected":false},"author":1,"featured_media":0,"parent":0,"menu_order":0,"comment_status":"closed","ping_status":"closed","template":"","meta":{"footnotes":""},"class_list":["post-6855","page","type-page","status-publish","hentry"],"_links":{"self":[{"href":"https:\/\/inovexfoods.com\/tr\/wp-json\/wp\/v2\/pages\/6855","targetHints":{"allow":["GET"]}}],"collection":[{"href":"https:\/\/inovexfoods.com\/tr\/wp-json\/wp\/v2\/pages"}],"about":[{"href":"https:\/\/inovexfoods.com\/tr\/wp-json\/wp\/v2\/types\/page"}],"author":[{"embeddable":true,"href":"https:\/\/inovexfoods.com\/tr\/wp-json\/wp\/v2\/users\/1"}],"replies":[{"embeddable":true,"href":"https:\/\/inovexfoods.com\/tr\/wp-json\/wp\/v2\/comments?post=6855"}],"version-history":[{"count":4,"href":"https:\/\/inovexfoods.com\/tr\/wp-json\/wp\/v2\/pages\/6855\/revisions"}],"predecessor-version":[{"id":7114,"href":"https:\/\/inovexfoods.com\/tr\/wp-json\/wp\/v2\/pages\/6855\/revisions\/7114"}],"wp:attachment":[{"href":"https:\/\/inovexfoods.com\/tr\/wp-json\/wp\/v2\/media?parent=6855"}],"curies":[{"name":"wp","href":"https:\/\/api.w.org\/{rel}","templated":true}]}}