{"id":6608,"date":"2024-01-02T13:04:45","date_gmt":"2024-01-02T13:04:45","guid":{"rendered":"https:\/\/www.inovexfoods.com\/who-we-are\/"},"modified":"2025-08-06T14:19:06","modified_gmt":"2025-08-06T14:19:06","slug":"hakkimizda-2","status":"publish","type":"page","link":"https:\/\/inovexfoods.com\/tr\/hakkimizda-2\/","title":{"rendered":"Hakk\u0131m\u0131zda"},"content":{"rendered":"\t\t<div data-elementor-type=\"wp-page\" data-elementor-id=\"6608\" class=\"elementor elementor-6608 elementor-153\">\n\t\t\t\t<div class=\"elementor-element elementor-element-694e631 e-flex e-con-boxed wd-section-disabled e-con e-parent\" data-id=\"694e631\" data-element_type=\"container\">\n\t\t\t\t\t<div class=\"e-con-inner\">\n\t\t<div class=\"elementor-element elementor-element-bac9000 e-con-full e-flex wd-section-disabled e-con e-child\" data-id=\"bac9000\" data-element_type=\"container\">\n\t\t\t\t<div class=\"elementor-element elementor-element-41887a2 color-scheme-inherit text-left elementor-widget elementor-widget-text-editor\" data-id=\"41887a2\" data-element_type=\"widget\" data-widget_type=\"text-editor.default\">\n\t\t\t\t<div class=\"elementor-widget-container\">\n\t\t\t\t\t\t\t\t\t<h4>\u00a0<\/h4><h4>Inovex Global Foods\u00a0 2018 y\u0131l\u0131nda kurulmu\u015f olup, kokteyl \u015furuplar\u0131, soslar, meyveli i\u00e7ecek kar\u0131\u015f\u0131mlar\u0131, i\u00e7ecek tozlar\u0131 ve kahve kremalar\u0131 gibi &#8220;Horeca&#8221; \u00fcr\u00fcnleri \u00fcretmeye odaklanm\u0131\u015ft\u0131r. \u015eirketin sahip oldu\u011fu Barico markas\u0131, d\u00fcnya \u00e7ap\u0131nda bir\u00e7ok barista ve barmene hayallerindeki i\u00e7ecekleri yaratmalar\u0131 i\u00e7in geni\u015f bir yelpazede lezzet sunmaktad\u0131r. M\u00fc\u015fteri odakl\u0131 ve memnuniyet odakl\u0131 de\u011fer stratejimizle birlikte, yenilik\u00e7i, trend, g\u00fc\u00e7l\u00fc ve rekabet\u00e7i fiyatl\u0131 \u00fcr\u00fcnlerimizle m\u00fc\u015fterilerimizi zorlu rekabet ko\u015fullar\u0131nda bir ad\u0131m \u00f6ne ta\u015f\u0131mak ana hedefimizdir.<\/h4><h4>\u00a0<\/h4>\t\t\t\t\t\t\t\t<\/div>\n\t\t\t\t<\/div>\n\t\t\t\t<\/div>\n\t\t<div class=\"elementor-element elementor-element-f53e844 e-con-full e-flex wd-section-disabled e-con e-child\" data-id=\"f53e844\" data-element_type=\"container\">\n\t\t\t\t<div class=\"elementor-element elementor-element-4692111 elementor-widget elementor-widget-image\" data-id=\"4692111\" data-element_type=\"widget\" data-widget_type=\"image.default\">\n\t\t\t\t<div class=\"elementor-widget-container\">\n\t\t\t\t\t\t\t\t\t\t\t\t\t\t\t<img fetchpriority=\"high\" decoding=\"async\" width=\"1024\" height=\"683\" src=\"https:\/\/inovexfoods.com\/wp-content\/uploads\/2024\/01\/bean-white-background-beans-coffee-1024x683.jpg\" class=\"attachment-large size-large wp-image-2199\" alt=\"\" srcset=\"https:\/\/inovexfoods.com\/wp-content\/uploads\/2024\/01\/bean-white-background-beans-coffee-1024x683.jpg 1024w, https:\/\/inovexfoods.com\/wp-content\/uploads\/2024\/01\/bean-white-background-beans-coffee-300x200.jpg 300w, https:\/\/inovexfoods.com\/wp-content\/uploads\/2024\/01\/bean-white-background-beans-coffee-scaled-150x100.jpg 150w, https:\/\/inovexfoods.com\/wp-content\/uploads\/2024\/01\/bean-white-background-beans-coffee-scaled-600x400.jpg 600w, https:\/\/inovexfoods.com\/wp-content\/uploads\/2024\/01\/bean-white-background-beans-coffee-768x512.jpg 768w, https:\/\/inovexfoods.com\/wp-content\/uploads\/2024\/01\/bean-white-background-beans-coffee-1536x1024.jpg 1536w, https:\/\/inovexfoods.com\/wp-content\/uploads\/2024\/01\/bean-white-background-beans-coffee-2048x1365.jpg 2048w\" sizes=\"(max-width: 1024px) 100vw, 1024px\" \/>\t\t\t\t\t\t\t\t\t\t\t\t\t\t\t<\/div>\n\t\t\t\t<\/div>\n\t\t\t\t<\/div>\n\t\t\t\t\t<\/div>\n\t\t\t\t<\/div>\n\t\t\t\t<\/div>\n\t\t","protected":false},"excerpt":{"rendered":"<p>\u00a0 Inovex Global Foods\u00a0 2018 y\u0131l\u0131nda kurulmu\u015f olup, kokteyl \u015furuplar\u0131, soslar, meyveli i\u00e7ecek kar\u0131\u015f\u0131mlar\u0131, i\u00e7ecek tozlar\u0131 ve kahve kremalar\u0131 gibi<\/p>\n","protected":false},"author":1,"featured_media":0,"parent":0,"menu_order":0,"comment_status":"closed","ping_status":"closed","template":"","meta":{"footnotes":""},"class_list":["post-6608","page","type-page","status-publish","hentry"],"_links":{"self":[{"href":"https:\/\/inovexfoods.com\/tr\/wp-json\/wp\/v2\/pages\/6608","targetHints":{"allow":["GET"]}}],"collection":[{"href":"https:\/\/inovexfoods.com\/tr\/wp-json\/wp\/v2\/pages"}],"about":[{"href":"https:\/\/inovexfoods.com\/tr\/wp-json\/wp\/v2\/types\/page"}],"author":[{"embeddable":true,"href":"https:\/\/inovexfoods.com\/tr\/wp-json\/wp\/v2\/users\/1"}],"replies":[{"embeddable":true,"href":"https:\/\/inovexfoods.com\/tr\/wp-json\/wp\/v2\/comments?post=6608"}],"version-history":[{"count":0,"href":"https:\/\/inovexfoods.com\/tr\/wp-json\/wp\/v2\/pages\/6608\/revisions"}],"wp:attachment":[{"href":"https:\/\/inovexfoods.com\/tr\/wp-json\/wp\/v2\/media?parent=6608"}],"curies":[{"name":"wp","href":"https:\/\/api.w.org\/{rel}","templated":true}]}}