{"id":6624,"date":"2024-01-02T11:58:13","date_gmt":"2024-01-02T11:58:13","guid":{"rendered":"https:\/\/www.inovexfoods.com\/products\/barico-blueberry-flavored-syrup\/"},"modified":"2025-08-05T16:41:51","modified_gmt":"2025-08-05T16:41:51","slug":"barico-blueberry-flavored-syrup","status":"publish","type":"product","link":"https:\/\/inovexfoods.com\/ru\/urun\/barico-blueberry-flavored-syrup\/","title":{"rendered":"\u0421\u0438\u0440\u043e\u043f \u0441\u043e \u0432\u043a\u0443\u0441\u043e\u043c \u0447\u0435\u0440\u043d\u0438\u043a\u0438 Barico"},"content":{"rendered":"<p>\u0421\u0438\u0440\u043e\u043f Barico \u0441\u043e \u0432\u043a\u0443\u0441\u043e\u043c \u0447\u0435\u0440\u043d\u0438\u043a\u0438<\/p>\n<p>\u0421\u0438\u0440\u043e\u043f Barico \u0441\u043e \u0432\u043a\u0443\u0441\u043e\u043c \u0447\u0435\u0440\u043d\u0438\u043a\u0438 \u2013 \u044d\u0442\u043e \u0432\u0437\u0440\u044b\u0432 \u0432\u043e\u0441\u0445\u0438\u0442\u0438\u0442\u0435\u043b\u044c\u043d\u043e\u0439 \u0441\u043b\u0430\u0434\u043e\u0441\u0442\u0438, \u043a\u043e\u0442\u043e\u0440\u044b\u0439 \u0443\u043a\u0440\u0430\u0441\u0438\u0442 \u0432\u0430\u0448\u0438 \u043a\u0443\u043b\u0438\u043d\u0430\u0440\u043d\u044b\u0435 \u0442\u0432\u043e\u0440\u0435\u043d\u0438\u044f. \u042d\u0442\u043e\u0442 \u0438\u0437\u044b\u0441\u043a\u0430\u043d\u043d\u044b\u0439 \u0441\u0438\u0440\u043e\u043f, \u043f\u0440\u0438\u0433\u043e\u0442\u043e\u0432\u043b\u0435\u043d\u043d\u044b\u0439 \u0441 \u0437\u0430\u0431\u043e\u0442\u043e\u0439, \u0441\u043e\u0445\u0440\u0430\u043d\u044f\u0435\u0442 \u0432\u0441\u044e \u0441\u0443\u0442\u044c \u0441\u043e\u0447\u043d\u043e\u0439 \u0447\u0435\u0440\u043d\u0438\u043a\u0438, \u0434\u043e\u0431\u0430\u0432\u043b\u044f\u044f \u044f\u0440\u043a\u0443\u044e \u043d\u043e\u0442\u043a\u0443 \u0432\u0430\u0448\u0438\u043c \u043b\u044e\u0431\u0438\u043c\u044b\u043c \u0431\u043b\u044e\u0434\u0430\u043c \u0438 \u043d\u0430\u043f\u0438\u0442\u043a\u0430\u043c.<\/p>\n<p>\u041d\u0435\u043e\u0442\u0440\u0430\u0437\u0438\u043c\u043e\u0435 \u0447\u0435\u0440\u043d\u0438\u0447\u043d\u043e\u0435 \u0431\u043b\u0430\u0436\u0435\u043d\u0441\u0442\u0432\u043e: \u041d\u0430\u0441\u043b\u0430\u0434\u0438\u0442\u0435\u0441\u044c \u0432\u043e\u0441\u0445\u0438\u0442\u0438\u0442\u0435\u043b\u044c\u043d\u044b\u043c \u0432\u043a\u0443\u0441\u043e\u043c \u0441\u043f\u0435\u043b\u043e\u0439 \u0447\u0435\u0440\u043d\u0438\u043a\u0438 \u0432 \u043a\u0430\u0436\u0434\u043e\u0439 \u043a\u0430\u043f\u043b\u0435 \u0441\u0438\u0440\u043e\u043f\u0430 Barico \u0441\u043e \u0432\u043a\u0443\u0441\u043e\u043c \u0447\u0435\u0440\u043d\u0438\u043a\u0438. \u042d\u0442\u043e\u0442 \u0441\u0438\u0440\u043e\u043f \u043c\u043e\u0436\u043d\u043e \u0434\u043e\u0431\u0430\u0432\u043b\u044f\u0442\u044c \u0432 \u0431\u043b\u0438\u043d\u044b, \u0432\u0430\u0444\u043b\u0438, \u043c\u043e\u0440\u043e\u0436\u0435\u043d\u043e\u0435, \u0432 \u043a\u043e\u043a\u0442\u0435\u0439\u043b\u0438 \u0438 \u0431\u0435\u0437\u0430\u043b\u043a\u043e\u0433\u043e\u043b\u044c\u043d\u044b\u0435 \u043a\u043e\u043a\u0442\u0435\u0439\u043b\u0438 \u2013 \u043e\u043d \u043f\u0440\u0435\u0432\u0440\u0430\u0442\u0438\u0442 \u043e\u0431\u044b\u0447\u043d\u044b\u0435 \u043c\u043e\u043c\u0435\u043d\u0442\u044b \u0432 \u043d\u0435\u0437\u0430\u0431\u044b\u0432\u0430\u0435\u043c\u044b\u0435 \u0432\u043f\u0435\u0447\u0430\u0442\u043b\u0435\u043d\u0438\u044f.<\/p>\n<p>\u0423\u043d\u0438\u0432\u0435\u0440\u0441\u0430\u043b\u044c\u043d\u044b\u0439 \u043a\u0443\u043b\u0438\u043d\u0430\u0440\u043d\u044b\u0439 \u043a\u043e\u043c\u043f\u0430\u043d\u044c\u043e\u043d: \u0412\u044b\u0432\u0435\u0434\u0438\u0442\u0435 \u0441\u0432\u043e\u0438 \u043a\u0443\u043b\u0438\u043d\u0430\u0440\u043d\u044b\u0435 \u0442\u0432\u043e\u0440\u0435\u043d\u0438\u044f \u043d\u0430 \u043d\u043e\u0432\u044b\u0439 \u0443\u0440\u043e\u0432\u0435\u043d\u044c \u0431\u043b\u0430\u0433\u043e\u0434\u0430\u0440\u044f \u0443\u043d\u0438\u0432\u0435\u0440\u0441\u0430\u043b\u044c\u043d\u043e\u0441\u0442\u0438 \u0441\u0438\u0440\u043e\u043f\u0430 Barico \u0441\u043e \u0432\u043a\u0443\u0441\u043e\u043c \u0447\u0435\u0440\u043d\u0438\u043a\u0438. \u042d\u0442\u043e\u0442 \u0441\u0438\u0440\u043e\u043f \u0438\u0434\u0435\u0430\u043b\u044c\u043d\u043e \u043f\u043e\u0434\u0445\u043e\u0434\u0438\u0442 \u0434\u043b\u044f \u043f\u043e\u0434\u0441\u043b\u0430\u0449\u0438\u0432\u0430\u043d\u0438\u044f \u043a\u043b\u0430\u0441\u0441\u0438\u0447\u0435\u0441\u043a\u0438\u0445 \u0437\u0430\u0432\u0442\u0440\u0430\u043a\u043e\u0432, \u0443\u043b\u0443\u0447\u0448\u0435\u043d\u0438\u044f \u0434\u0435\u0441\u0435\u0440\u0442\u043e\u0432 \u0438\u043b\u0438 \u0441\u043e\u0437\u0434\u0430\u043d\u0438\u044f \u0443\u043d\u0438\u043a\u0430\u043b\u044c\u043d\u044b\u0445 \u043d\u0430\u043f\u0438\u0442\u043a\u043e\u0432. \u041e\u043d \u0441\u0442\u0430\u043d\u0435\u0442 \u043d\u0435\u0437\u0430\u043c\u0435\u043d\u0438\u043c\u044b\u043c \u043f\u043e\u043c\u043e\u0449\u043d\u0438\u043a\u043e\u043c \u043d\u0430 \u043b\u044e\u0431\u043e\u0439 \u043a\u0443\u0445\u043d\u0435\/\u0432 \u043b\u044e\u0431\u043e\u043c \u0431\u0430\u0440\u0435.<\/p>\n<p>\u041d\u0430\u0442\u0443\u0440\u0430\u043b\u044c\u043d\u0430\u044f \u043f\u043e\u043b\u044c\u0437\u0430 \u0431\u0435\u0437 \u043a\u043e\u043c\u043f\u0440\u043e\u043c\u0438\u0441\u0441\u043e\u0432: \u0438\u0437\u0433\u043e\u0442\u043e\u0432\u043b\u0435\u043d\u043d\u044b\u0439 \u0438\u0437 \u043e\u0442\u0431\u043e\u0440\u043d\u044b\u0445 \u0438\u043d\u0433\u0440\u0435\u0434\u0438\u0435\u043d\u0442\u043e\u0432 \u0438 \u043d\u0435 \u0441\u043e\u0434\u0435\u0440\u0436\u0430\u0449\u0438\u0439 \u043a\u0443\u043a\u0443\u0440\u0443\u0437\u043d\u043e\u0433\u043e \u0441\u0438\u0440\u043e\u043f\u0430 \u0441 \u0432\u044b\u0441\u043e\u043a\u0438\u043c \u0441\u043e\u0434\u0435\u0440\u0436\u0430\u043d\u0438\u0435\u043c \u0444\u0440\u0443\u043a\u0442\u043e\u0437\u044b, \u0441\u0438\u0440\u043e\u043f Barico \u0441\u043e \u0432\u043a\u0443\u0441\u043e\u043c \u0447\u0435\u0440\u043d\u0438\u043a\u0438 \u0434\u0430\u0440\u0438\u0442 \u0447\u0438\u0441\u0442\u044b\u0439, \u043d\u0430\u0442\u0443\u0440\u0430\u043b\u044c\u043d\u044b\u0439 \u0432\u043a\u0443\u0441 \u0447\u0435\u0440\u043d\u0438\u043a\u0438 \u0441 \u043a\u0430\u0436\u0434\u043e\u0439 \u043f\u043e\u0440\u0446\u0438\u0435\u0439. \u041d\u0430\u0441\u043b\u0430\u0436\u0434\u0430\u0439\u0442\u0435\u0441\u044c \u043d\u0430\u0441\u0442\u043e\u044f\u0449\u0438\u043c \u0432\u043a\u0443\u0441\u043e\u043c \u0441\u0432\u0435\u0436\u0435\u0441\u043e\u0431\u0440\u0430\u043d\u043d\u043e\u0439 \u0447\u0435\u0440\u043d\u0438\u043a\u0438 \u0431\u0435\u0437 \u0443\u0433\u0440\u044b\u0437\u0435\u043d\u0438\u0439 \u0441\u043e\u0432\u0435\u0441\u0442\u0438.<\/p>\n<p>\u0411\u0435\u0441\u043a\u043e\u043d\u0435\u0447\u043d\u044b\u0435 \u0432\u043e\u0437\u043c\u043e\u0436\u043d\u043e\u0441\u0442\u0438 \u0434\u043b\u044f \u0442\u0432\u043e\u0440\u0447\u0435\u0441\u0442\u0432\u0430 \u0432 \u043a\u0430\u0436\u0434\u043e\u0439 \u0431\u0443\u0442\u044b\u043b\u043a\u0435: \u0414\u0430\u0439\u0442\u0435 \u0432\u043e\u043b\u044e \u0441\u0432\u043e\u0435\u0439 \u043a\u0443\u043b\u0438\u043d\u0430\u0440\u043d\u043e\u0439 \u0444\u0430\u043d\u0442\u0430\u0437\u0438\u0438 \u0438 \u044d\u043a\u0441\u043f\u0435\u0440\u0438\u043c\u0435\u043d\u0442\u0438\u0440\u0443\u0439\u0442\u0435 \u0441 \u043c\u043d\u043e\u0436\u0435\u0441\u0442\u0432\u043e\u043c \u0440\u0435\u0446\u0435\u043f\u0442\u043e\u0432. \u041e\u0442 \u0441\u043c\u0443\u0437\u0438 \u0441 \u0447\u0435\u0440\u043d\u0438\u043a\u043e\u0439 \u0434\u043e \u0432\u043e\u0441\u0445\u0438\u0442\u0438\u0442\u0435\u043b\u044c\u043d\u044b\u0445 \u0441\u043e\u0443\u0441\u043e\u0432 \u0434\u043b\u044f \u0431\u0430\u0440\u0431\u0435\u043a\u044e \u2014 \u0441\u0438\u0440\u043e\u043f Barico \u0441\u043e \u0432\u043a\u0443\u0441\u043e\u043c \u0447\u0435\u0440\u043d\u0438\u043a\u0438 \u2014 \u0432\u0430\u0448 \u043f\u0440\u043e\u043f\u0443\u0441\u043a \u043a \u0431\u0435\u0437\u0433\u0440\u0430\u043d\u0438\u0447\u043d\u043e\u043c\u0443 \u0442\u0432\u043e\u0440\u0447\u0435\u0441\u0442\u0432\u0443 \u043d\u0430 \u043a\u0443\u0445\u043d\u0435.<\/p>\n<p>\u041f\u043e\u0434\u043d\u0438\u043c\u0438\u0442\u0435 \u0441\u0432\u043e\u0439 \u0443\u0440\u043e\u0432\u0435\u043d\u044c \u043a\u0430\u0436\u0434\u044b\u0439 \u0434\u0435\u043d\u044c \u043d\u0430 \u043d\u043e\u0432\u044b\u0439 \u0443\u0440\u043e\u0432\u0435\u043d\u044c: \u041f\u0440\u0435\u043e\u0431\u0440\u0430\u0437\u0438\u0442\u0435 \u0443\u0442\u0440\u0435\u043d\u043d\u044e\u044e \u0440\u0443\u0442\u0438\u043d\u0443, \u0434\u043d\u0435\u0432\u043d\u044b\u0435 \u0431\u043e\u0434\u0440\u044f\u0449\u0438\u0435 \u043f\u0435\u0440\u0435\u043a\u0443\u0441\u044b \u0438 \u0432\u0435\u0447\u0435\u0440\u043d\u0438\u0435 \u043d\u0430\u0441\u043b\u0430\u0436\u0434\u0435\u043d\u0438\u044f \u043f\u043b\u0435\u043d\u0438\u0442\u0435\u043b\u044c\u043d\u044b\u043c \u0432\u043a\u0443\u0441\u043e\u043c \u0447\u0435\u0440\u043d\u0438\u043a\u0438. \u0421\u0438\u0440\u043e\u043f Barico \u0441\u043e \u0432\u043a\u0443\u0441\u043e\u043c \u0447\u0435\u0440\u043d\u0438\u043a\u0438 \u0434\u043e\u0431\u0430\u0432\u0438\u0442 \u043d\u043e\u0442\u043a\u0443 \u0438\u0437\u044b\u0441\u043a\u0430\u043d\u043d\u043e\u0441\u0442\u0438 \u043b\u044e\u0431\u043e\u043c\u0443 \u0441\u043e\u0431\u044b\u0442\u0438\u044e, \u0441\u0434\u0435\u043b\u0430\u0432 \u043e\u0431\u044b\u0447\u043d\u044b\u0435 \u043c\u043e\u043c\u0435\u043d\u0442\u044b \u043d\u0435\u0437\u0430\u0431\u044b\u0432\u0430\u0435\u043c\u044b\u043c\u0438.<\/p>\n<p>\u041f\u043e\u0434\u043d\u0438\u043c\u0438\u0442\u0435 \u0441\u0432\u043e\u0438 \u043a\u0443\u043b\u0438\u043d\u0430\u0440\u043d\u044b\u0435 \u0432\u043f\u0435\u0447\u0430\u0442\u043b\u0435\u043d\u0438\u044f \u043d\u0430 \u043d\u043e\u0432\u044b\u0439 \u0443\u0440\u043e\u0432\u0435\u043d\u044c \u0441 \u0441\u0438\u0440\u043e\u043f\u043e\u043c Barico \u0441\u043e \u0432\u043a\u0443\u0441\u043e\u043c \u0447\u0435\u0440\u043d\u0438\u043a\u0438 \u2014 \u0432\u0430\u0448\u0438\u043c \u0441\u0435\u043a\u0440\u0435\u0442\u043d\u044b\u043c \u0438\u043d\u0433\u0440\u0435\u0434\u0438\u0435\u043d\u0442\u043e\u043c, \u043a\u043e\u0442\u043e\u0440\u044b\u0439 \u0434\u043e\u0431\u0430\u0432\u0438\u0442 \u0432\u0437\u0440\u044b\u0432 \u043d\u0430\u0442\u0443\u0440\u0430\u043b\u044c\u043d\u043e\u0439 \u043f\u043e\u043b\u044c\u0437\u044b \u0447\u0435\u0440\u043d\u0438\u043a\u0438 \u0432 \u043a\u0430\u0436\u0434\u043e\u0435 \u0431\u043b\u044e\u0434\u043e \u0438 \u043d\u0430\u043f\u0438\u0442\u043e\u043a. \u0417\u0430\u043a\u0430\u0436\u0438\u0442\u0435 \u0441\u0435\u0439\u0447\u0430\u0441 \u0438 \u043f\u0443\u0441\u0442\u044c \u043f\u0440\u0438\u043a\u043b\u044e\u0447\u0435\u043d\u0438\u0435 \u0432\u043a\u0443\u0441\u043e\u0432 \u043d\u0430\u0447\u043d\u0435\u0442\u0441\u044f!<\/p>\n<p>&nbsp;<\/p>\n<p><img fetchpriority=\"high\" decoding=\"async\" class=\"alignnone wp-image-491 size-full\" src=\"https:\/\/inovexfoods.com\/wp-content\/uploads\/2024\/01\/blueberry-nutrition-facts.png\" alt=\"\" width=\"632\" height=\"964\" srcset=\"https:\/\/inovexfoods.com\/wp-content\/uploads\/2024\/01\/blueberry-nutrition-facts.png 632w, https:\/\/inovexfoods.com\/wp-content\/uploads\/2024\/01\/blueberry-nutrition-facts-300x458.png 300w, https:\/\/inovexfoods.com\/wp-content\/uploads\/2024\/01\/blueberry-nutrition-facts-150x229.png 150w, https:\/\/inovexfoods.com\/wp-content\/uploads\/2024\/01\/blueberry-nutrition-facts-600x915.png 600w, https:\/\/inovexfoods.com\/wp-content\/uploads\/2024\/01\/blueberry-nutrition-facts-197x300.png 197w, https:\/\/inovexfoods.com\/wp-content\/uploads\/2024\/01\/blueberry-nutrition-facts-8x12.png 8w\" sizes=\"(max-width: 632px) 100vw, 632px\" \/><\/p>\n<p>&nbsp;<\/p>\n<p>&nbsp;<\/p>\n<p>&nbsp;<\/p>\n<p>&nbsp;<\/p>\n<p>&nbsp;<\/p>\n","protected":false},"excerpt":{"rendered":"<p>\u0421\u0438\u0440\u043e\u043f Barico \u0441\u043e \u0432\u043a\u0443\u0441\u043e\u043c \u0447\u0435\u0440\u043d\u0438\u043a\u0438 \u2014 \u0432\u043e\u0441\u0445\u0438\u0442\u0438\u0442\u0435\u043b\u044c\u043d\u044b\u0439 \u0432\u0437\u0440\u044b\u0432 \u0432\u043a\u0443\u0441\u0430, \u043a\u043e\u0442\u043e\u0440\u044b\u0439 \u043e\u0431\u043e\u0433\u0430\u0442\u0438\u0442 \u0432\u0430\u0448\u0438 \u043a\u0443\u043b\u0438\u043d\u0430\u0440\u043d\u044b\u0435 \u0448\u0435\u0434\u0435\u0432\u0440\u044b. \u042d\u0442\u043e\u0442 \u0432\u043e\u0441\u0445\u0438\u0442\u0438\u0442\u0435\u043b\u044c\u043d\u044b\u0439 \u0441\u0438\u0440\u043e\u043f, \u043f\u0440\u0438\u0433\u043e\u0442\u043e\u0432\u043b\u0435\u043d\u043d\u044b\u0439 \u0441 \u043e\u0441\u043e\u0431\u043e\u0439 \u0442\u0449\u0430\u0442\u0435\u043b\u044c\u043d\u043e\u0441\u0442\u044c\u044e, \u0432\u043f\u0438\u0442\u0430\u043b \u0432 \u0441\u0435\u0431\u044f \u0432\u0441\u044e \u0441\u0443\u0442\u044c \u0441\u043e\u0447\u043d\u043e\u0439 \u0447\u0435\u0440\u043d\u0438\u043a\u0438, \u0434\u043e\u0431\u0430\u0432\u0438\u0432 \u044f\u0440\u043a\u0443\u044e \u043d\u043e\u0442\u043a\u0443 \u0432\u0430\u0448\u0438\u043c \u043b\u044e\u0431\u0438\u043c\u044b\u043c \u0431\u043b\u044e\u0434\u0430\u043c \u0438 \u043d\u0430\u043f\u0438\u0442\u043a\u0430\u043c.<\/p>\n<table style=\"height: 295px;\" width=\"302\">\n<tbody>\n<tr>\n<td style=\"text-align: center;\" width=\"139\">Miktar<\/td>\n<td style=\"text-align: center;\" width=\"153\">1 Litre<\/td>\n<\/tr>\n<tr>\n<td style=\"text-align: center;\">Net A\u011f\u0131rl\u0131k<\/td>\n<td style=\"text-align: center;\">1315 gr.<\/td>\n<\/tr>\n<tr>\n<td style=\"text-align: center;\">Br\u00fct A\u011f\u0131rl\u0131k<\/td>\n<td style=\"text-align: center;\">1998 gr.<\/td>\n<\/tr>\n<tr>\n<td style=\"text-align: center;\">Adet \/ Koli<\/td>\n<td style=\"text-align: center;\">6<\/td>\n<\/tr>\n<tr>\n<td style=\"text-align: center;\">Koli\/PAlet<\/td>\n<td style=\"text-align: center;\">100<\/td>\n<\/tr>\n<tr>\n<td style=\"text-align: center;\">Koli \/ 20 ft<\/td>\n<td style=\"text-align: center;\">1000<\/td>\n<\/tr>\n<tr>\n<td style=\"text-align: center;\">Koli\/ 40 ft<\/td>\n<td style=\"text-align: center;\">2100<\/td>\n<\/tr>\n<tr>\n<td style=\"text-align: center;\">Raf \u00d6mr\u00fc<\/td>\n<td style=\"text-align: center;\">3 y\u0131l<\/td>\n<\/tr>\n<tr>\n<td style=\"text-align: center;\">Etiket Dilleri<\/td>\n<td style=\"text-align: center;\">\u0130ngilizce, T\u00fcrk\u00e7e, Arap\u00e7a<\/td>\n<\/tr>\n<\/tbody>\n<\/table>\n","protected":false},"featured_media":2369,"comment_status":"closed","ping_status":"closed","template":"","meta":[],"product_brand":[],"product_cat":[],"product_tag":[292,293,294,295,296,297,298,299],"class_list":{"0":"post-6624","1":"product","2":"type-product","3":"status-publish","4":"has-post-thumbnail","6":"product_tag-artisanal-syrup-ru","7":"product_tag-barico-syrup-ru","8":"product_tag-blueberry-flavored-syrup-ru","9":"product_tag-breakfast-and-dessert-enhancement-ru","10":"product_tag-creative-cooking-with-blueberries-ru","11":"product_tag-guilt-free-indulgence-ru","12":"product_tag-premium-syrup-ru","13":"product_tag-versatile-culinary-ingredient-ru","15":"first","16":"instock","17":"shipping-taxable","18":"product-type-simple"},"_links":{"self":[{"href":"https:\/\/inovexfoods.com\/ru\/wp-json\/wp\/v2\/product\/6624","targetHints":{"allow":["GET"]}}],"collection":[{"href":"https:\/\/inovexfoods.com\/ru\/wp-json\/wp\/v2\/product"}],"about":[{"href":"https:\/\/inovexfoods.com\/ru\/wp-json\/wp\/v2\/types\/product"}],"replies":[{"embeddable":true,"href":"https:\/\/inovexfoods.com\/ru\/wp-json\/wp\/v2\/comments?post=6624"}],"wp:featuredmedia":[{"embeddable":true,"href":"https:\/\/inovexfoods.com\/ru\/wp-json\/wp\/v2\/media\/2369"}],"wp:attachment":[{"href":"https:\/\/inovexfoods.com\/ru\/wp-json\/wp\/v2\/media?parent=6624"}],"wp:term":[{"taxonomy":"product_brand","embeddable":true,"href":"https:\/\/inovexfoods.com\/ru\/wp-json\/wp\/v2\/product_brand?post=6624"},{"taxonomy":"product_cat","embeddable":true,"href":"https:\/\/inovexfoods.com\/ru\/wp-json\/wp\/v2\/product_cat?post=6624"},{"taxonomy":"product_tag","embeddable":true,"href":"https:\/\/inovexfoods.com\/ru\/wp-json\/wp\/v2\/product_tag?post=6624"}],"curies":[{"name":"wp","href":"https:\/\/api.w.org\/{rel}","templated":true}]}}