{"id":6787,"date":"2025-08-05T19:29:04","date_gmt":"2025-08-05T19:29:04","guid":{"rendered":"https:\/\/www.inovexfoods.com\/products\/barico-matcha-flavored-syrup\/"},"modified":"2025-08-05T21:04:50","modified_gmt":"2025-08-05T21:04:50","slug":"jarabe-con-sabor-a-matcha-barico","status":"publish","type":"product","link":"https:\/\/inovexfoods.com\/es\/urun\/jarabe-con-sabor-a-matcha-barico\/","title":{"rendered":"Jarabe con sabor a matcha Barico"},"content":{"rendered":"<p>Jarabe con sabor a matcha Barico<br \/>\n\ud83c\udf75 Elegancia Natural en Cada Gota \ud83c\udf3f<\/p>\n<p>Libera la rica y relajante esencia del t\u00e9 verde con el Jarabe Barico con Sabor a Matcha: una fusi\u00f3n perfectamente equilibrada de suave dulzura y la aut\u00e9ntica intensidad del matcha. Creado para cafeter\u00edas modernas, mix\u00f3logos creativos y postres innovadores, este jarabe aporta un car\u00e1cter refinado y natural a todo lo que toca.<\/p>\n<p>Ya sea que est\u00e9s preparando un vibrante matcha latte helado, creando un c\u00f3ctel \u00fanico o a\u00f1adiendo un toque de inspiraci\u00f3n japonesa a pasteles y dulces, el Jarabe Barico con Sabor a Matcha ofrece un sabor intenso y sereno a la vez.<\/p>\n<p>Perfecto para:<br \/>\n\u2013 Matcha lattes helados y calientes<br \/>\n\u2013 C\u00f3cteles de autor y c\u00f3cteles sin alcohol<br \/>\n\u2013 Batidos, smoothies y frapp\u00e9s de matcha<br \/>\n\u2013 Pasteles, glaseados y salsas para postres<\/p>\n<p>Saborea la armon\u00eda entre tradici\u00f3n y creatividad con el Jarabe Barico con Sabor a Matcha: donde el t\u00e9 verde se fusiona con lo gourmet.<\/p>\n<p data-start=\"60\" data-end=\"143\"><img fetchpriority=\"high\" decoding=\"async\" class=\"alignnone wp-image-536 size-full\" src=\"https:\/\/inovexfoods.com\/wp-content\/uploads\/2024\/01\/Blackberry-2.png\" alt=\"\" width=\"620\" height=\"955\" srcset=\"https:\/\/inovexfoods.com\/wp-content\/uploads\/2024\/01\/Blackberry-2.png 620w, https:\/\/inovexfoods.com\/wp-content\/uploads\/2024\/01\/Blackberry-2-300x462.png 300w, https:\/\/inovexfoods.com\/wp-content\/uploads\/2024\/01\/Blackberry-2-150x231.png 150w, https:\/\/inovexfoods.com\/wp-content\/uploads\/2024\/01\/Blackberry-2-600x924.png 600w, https:\/\/inovexfoods.com\/wp-content\/uploads\/2024\/01\/Blackberry-2-195x300.png 195w, https:\/\/inovexfoods.com\/wp-content\/uploads\/2024\/01\/Blackberry-2-8x12.png 8w\" sizes=\"(max-width: 620px) 100vw, 620px\" \/><\/p>\n","protected":false},"excerpt":{"rendered":"<p>Libera la rica y relajante esencia del t\u00e9 verde con el Jarabe Barico con Sabor a Matcha: una fusi\u00f3n perfectamente equilibrada de suave dulzura y la aut\u00e9ntica intensidad del matcha. Creado para cafeter\u00edas modernas, mix\u00f3logos creativos y postres innovadores, este jarabe aporta un car\u00e1cter refinado y natural a todo lo que toca.<\/p>\n<table width=\"292\">\n<tbody>\n<tr>\n<td width=\"139\">Volume<\/td>\n<td width=\"153\">1 Liter<\/td>\n<\/tr>\n<tr>\n<td>Net Weight<\/td>\n<td>1315 gr.<\/td>\n<\/tr>\n<tr>\n<td>Gross Weight<\/td>\n<td>1998 gr.<\/td>\n<\/tr>\n<tr>\n<td>Pieces \/ carton<\/td>\n<td>6<\/td>\n<\/tr>\n<tr>\n<td>Carton \/ Pallet<\/td>\n<td>100<\/td>\n<\/tr>\n<tr>\n<td>Carton \/ 20 ft<\/td>\n<td>1000<\/td>\n<\/tr>\n<tr>\n<td>Carton \/ 40 ft<\/td>\n<td>2100<\/td>\n<\/tr>\n<tr>\n<td>Shelf Life<\/td>\n<td>3 years<\/td>\n<\/tr>\n<tr>\n<td>Languages<\/td>\n<td>English, Turkish, Arabic<\/td>\n<\/tr>\n<\/tbody>\n<\/table>\n","protected":false},"featured_media":6684,"comment_status":"closed","ping_status":"closed","template":"","meta":[],"product_brand":[],"product_cat":[],"product_tag":[301,302,327,328,329,306,330,331],"class_list":{"0":"post-6787","1":"product","2":"type-product","3":"status-publish","4":"has-post-thumbnail","6":"product_tag-artisanal-syrup-es","7":"product_tag-barico-syrup-es","8":"product_tag-cocktail-enhancement-es","9":"product_tag-creative-cooking-with-passion-fruit-es","10":"product_tag-exotic-culinary-ingredient-es","11":"product_tag-guilt-free-indulgence-es","12":"product_tag-passion-fruit-flavored-syrup-es","13":"product_tag-tropical-syrup-es","15":"first","16":"instock","17":"shipping-taxable","18":"product-type-simple"},"_links":{"self":[{"href":"https:\/\/inovexfoods.com\/es\/wp-json\/wp\/v2\/product\/6787","targetHints":{"allow":["GET"]}}],"collection":[{"href":"https:\/\/inovexfoods.com\/es\/wp-json\/wp\/v2\/product"}],"about":[{"href":"https:\/\/inovexfoods.com\/es\/wp-json\/wp\/v2\/types\/product"}],"replies":[{"embeddable":true,"href":"https:\/\/inovexfoods.com\/es\/wp-json\/wp\/v2\/comments?post=6787"}],"wp:featuredmedia":[{"embeddable":true,"href":"https:\/\/inovexfoods.com\/es\/wp-json\/wp\/v2\/media\/6684"}],"wp:attachment":[{"href":"https:\/\/inovexfoods.com\/es\/wp-json\/wp\/v2\/media?parent=6787"}],"wp:term":[{"taxonomy":"product_brand","embeddable":true,"href":"https:\/\/inovexfoods.com\/es\/wp-json\/wp\/v2\/product_brand?post=6787"},{"taxonomy":"product_cat","embeddable":true,"href":"https:\/\/inovexfoods.com\/es\/wp-json\/wp\/v2\/product_cat?post=6787"},{"taxonomy":"product_tag","embeddable":true,"href":"https:\/\/inovexfoods.com\/es\/wp-json\/wp\/v2\/product_tag?post=6787"}],"curies":[{"name":"wp","href":"https:\/\/api.w.org\/{rel}","templated":true}]}}