{"id":6780,"date":"2025-08-05T19:32:18","date_gmt":"2025-08-05T19:32:18","guid":{"rendered":"https:\/\/www.inovexfoods.com\/products\/barico-ice-tea-lemon-flavored-syrup\/"},"modified":"2025-08-05T20:53:06","modified_gmt":"2025-08-05T20:53:06","slug":"jarabe-de-te-helado-barico-con-sabor-a-limon","status":"publish","type":"product","link":"https:\/\/inovexfoods.com\/es\/urun\/jarabe-de-te-helado-barico-con-sabor-a-limon\/","title":{"rendered":"Jarabe de t\u00e9 helado Barico con sabor a lim\u00f3n"},"content":{"rendered":"<p>Jarabe de t\u00e9 helado Barico con sabor a lim\u00f3n<br \/>\n\ud83c\udf4b Fresco, Fresco y Rebosante de C\u00edtricos \ud83e\uddca<\/p>\n<p>Combate el calor con la refrescante y refrescante Jarabe Barico Ice Tea con Sabor a Lim\u00f3n: una mezcla vibrante y c\u00edtrica que revitaliza el cl\u00e1sico t\u00e9 helado. Infusionado con el toque \u00e1cido de limones reci\u00e9n exprimidos y equilibrado con suaves notas de t\u00e9, este jarabe es la clave para el t\u00e9 helado de lim\u00f3n perfecto.<\/p>\n<p>Simplemente m\u00e9zclalo con agua fr\u00eda o t\u00e9 y vi\u00e9rtelo sobre hielo para una bebida instant\u00e1nea que calma la sed. Ideal para cafeter\u00edas, restaurantes o para usar en casa, tambi\u00e9n es una base vibrante para c\u00f3cteles sin alcohol, refrescos de lim\u00f3n y mezclas heladas.<\/p>\n<p>Perfecto para:<br \/>\n\u2013 T\u00e9s helados de lim\u00f3n y refrescos de t\u00e9<br \/>\n\u2013 C\u00f3cteles sin alcohol y spritzers refrescantes<br \/>\n\u2013 Bebidas heladas y granizados<br \/>\n\u2013 Jarabes de postre con infusi\u00f3n de lim\u00f3n<\/p>\n<p>Dale un toque c\u00edtrico a cada sorbo con el Jarabe Barico Ice Tea con Sabor a Lim\u00f3n.<\/p>\n<p><img fetchpriority=\"high\" decoding=\"async\" class=\"alignnone wp-image-536 size-full\" src=\"https:\/\/inovexfoods.com\/wp-content\/uploads\/2024\/01\/Blackberry-2.png\" alt=\"\" width=\"620\" height=\"955\" srcset=\"https:\/\/inovexfoods.com\/wp-content\/uploads\/2024\/01\/Blackberry-2.png 620w, https:\/\/inovexfoods.com\/wp-content\/uploads\/2024\/01\/Blackberry-2-300x462.png 300w, https:\/\/inovexfoods.com\/wp-content\/uploads\/2024\/01\/Blackberry-2-150x231.png 150w, https:\/\/inovexfoods.com\/wp-content\/uploads\/2024\/01\/Blackberry-2-600x924.png 600w, https:\/\/inovexfoods.com\/wp-content\/uploads\/2024\/01\/Blackberry-2-195x300.png 195w, https:\/\/inovexfoods.com\/wp-content\/uploads\/2024\/01\/Blackberry-2-8x12.png 8w\" sizes=\"(max-width: 620px) 100vw, 620px\" \/><\/p>\n","protected":false},"excerpt":{"rendered":"<p>Beat the heat with the zesty refreshment of <strong>Barico Ice Tea Lemon Flavored Syrup<\/strong> \u2014 a bright, citrusy blend that brings classic iced tea to life. Infused with the tang of fresh-squeezed lemons and balanced with smooth tea notes, this syrup is your shortcut to the perfect glass of lemon iced tea.<\/p>\n<table width=\"292\">\n<tbody>\n<tr>\n<td width=\"139\">Volume<\/td>\n<td width=\"153\">1 Liter<\/td>\n<\/tr>\n<tr>\n<td>Net Weight<\/td>\n<td>1315 gr.<\/td>\n<\/tr>\n<tr>\n<td>Gross Weight<\/td>\n<td>1998 gr.<\/td>\n<\/tr>\n<tr>\n<td>Pieces \/ carton<\/td>\n<td>6<\/td>\n<\/tr>\n<tr>\n<td>Carton \/ Pallet<\/td>\n<td>100<\/td>\n<\/tr>\n<tr>\n<td>Carton \/ 20 ft<\/td>\n<td>1000<\/td>\n<\/tr>\n<tr>\n<td>Carton \/ 40 ft<\/td>\n<td>2100<\/td>\n<\/tr>\n<tr>\n<td>Shelf Life<\/td>\n<td>3 years<\/td>\n<\/tr>\n<tr>\n<td>Languages<\/td>\n<td>English, Turkish, Arabic<\/td>\n<\/tr>\n<\/tbody>\n<\/table>\n","protected":false},"featured_media":6659,"comment_status":"closed","ping_status":"closed","template":"","meta":[],"product_brand":[],"product_cat":[],"product_tag":[301,302,327,328,329,306,330,331],"class_list":{"0":"post-6780","1":"product","2":"type-product","3":"status-publish","4":"has-post-thumbnail","6":"product_tag-artisanal-syrup-es","7":"product_tag-barico-syrup-es","8":"product_tag-cocktail-enhancement-es","9":"product_tag-creative-cooking-with-passion-fruit-es","10":"product_tag-exotic-culinary-ingredient-es","11":"product_tag-guilt-free-indulgence-es","12":"product_tag-passion-fruit-flavored-syrup-es","13":"product_tag-tropical-syrup-es","15":"first","16":"instock","17":"shipping-taxable","18":"product-type-simple"},"_links":{"self":[{"href":"https:\/\/inovexfoods.com\/es\/wp-json\/wp\/v2\/product\/6780","targetHints":{"allow":["GET"]}}],"collection":[{"href":"https:\/\/inovexfoods.com\/es\/wp-json\/wp\/v2\/product"}],"about":[{"href":"https:\/\/inovexfoods.com\/es\/wp-json\/wp\/v2\/types\/product"}],"replies":[{"embeddable":true,"href":"https:\/\/inovexfoods.com\/es\/wp-json\/wp\/v2\/comments?post=6780"}],"wp:featuredmedia":[{"embeddable":true,"href":"https:\/\/inovexfoods.com\/es\/wp-json\/wp\/v2\/media\/6659"}],"wp:attachment":[{"href":"https:\/\/inovexfoods.com\/es\/wp-json\/wp\/v2\/media?parent=6780"}],"wp:term":[{"taxonomy":"product_brand","embeddable":true,"href":"https:\/\/inovexfoods.com\/es\/wp-json\/wp\/v2\/product_brand?post=6780"},{"taxonomy":"product_cat","embeddable":true,"href":"https:\/\/inovexfoods.com\/es\/wp-json\/wp\/v2\/product_cat?post=6780"},{"taxonomy":"product_tag","embeddable":true,"href":"https:\/\/inovexfoods.com\/es\/wp-json\/wp\/v2\/product_tag?post=6780"}],"curies":[{"name":"wp","href":"https:\/\/api.w.org\/{rel}","templated":true}]}}