{"id":6757,"date":"2025-08-05T19:43:28","date_gmt":"2025-08-05T19:43:28","guid":{"rendered":"https:\/\/www.inovexfoods.com\/products\/barico-kiwi-flavored-syrup\/"},"modified":"2025-08-05T20:09:15","modified_gmt":"2025-08-05T20:09:15","slug":"jarabe-con-sabor-a-kiwi-barico","status":"publish","type":"product","link":"https:\/\/inovexfoods.com\/es\/urun\/jarabe-con-sabor-a-kiwi-barico\/","title":{"rendered":"Jarabe con sabor a kiwi Barico"},"content":{"rendered":"<p>Jarabe con sabor a kiwi Barico<br \/>\n\ud83e\udd5d \u00c1cido, Dulce y Rebosante de Frescura \ud83c\udf43<\/p>\n<p>Dale un toque vibrante a tus bebidas y postres con el Jarabe Barico con Sabor a Kiwi: una vibrante fusi\u00f3n de dulzor \u00e1cido y frescura tropical. Este jarabe captura el sabor \u00fanico y jugoso del kiwi maduro, a\u00f1adiendo un toque refrescante que deleita el paladar.<\/p>\n<p>Perfecto para t\u00e9s helados, c\u00f3cteles sin alcohol, batidos y refrescos, el Jarabe Barico con Sabor a Kiwi tambi\u00e9n brilla al rociarlo sobre ensaladas de frutas, postres congelados y pasteles. Ya sea que est\u00e9s preparando una bebida especial o realzando tu men\u00fa de postres, este jarabe ofrece una explosi\u00f3n de sabor ex\u00f3tico con cada gota.<\/p>\n<p>Perfecto para:<br \/>\n\u2013 T\u00e9s helados, limonadas y bebidas gaseosas<br \/>\n\u2013 C\u00f3cteles sin alcohol, c\u00f3cteles y spritzers<br \/>\n\u2013 Smoothies, malteadas y frapp\u00e9s<br \/>\n\u2013 Postres, glaseados y coberturas de fruta fresca<\/p>\n<p>Dale un toque refrescante del tr\u00f3pico con el jarabe sabor kiwi Barico, donde cada sorbo se siente como una escapada soleada.<\/p>\n<p><img fetchpriority=\"high\" decoding=\"async\" class=\"alignnone wp-image-536 size-full\" src=\"https:\/\/inovexfoods.com\/wp-content\/uploads\/2024\/01\/Blackberry-2.png\" alt=\"\" width=\"620\" height=\"955\" srcset=\"https:\/\/inovexfoods.com\/wp-content\/uploads\/2024\/01\/Blackberry-2.png 620w, https:\/\/inovexfoods.com\/wp-content\/uploads\/2024\/01\/Blackberry-2-300x462.png 300w, https:\/\/inovexfoods.com\/wp-content\/uploads\/2024\/01\/Blackberry-2-150x231.png 150w, https:\/\/inovexfoods.com\/wp-content\/uploads\/2024\/01\/Blackberry-2-600x924.png 600w, https:\/\/inovexfoods.com\/wp-content\/uploads\/2024\/01\/Blackberry-2-195x300.png 195w, https:\/\/inovexfoods.com\/wp-content\/uploads\/2024\/01\/Blackberry-2-8x12.png 8w\" sizes=\"(max-width: 620px) 100vw, 620px\" \/><\/p>\n","protected":false},"excerpt":{"rendered":"<p>Dale un toque vibrante a tus bebidas y postres con el Jarabe Barico con Sabor a Kiwi: una vibrante fusi\u00f3n de dulzor \u00e1cido y frescura tropical. Este jarabe captura el sabor \u00fanico y jugoso del kiwi maduro, a\u00f1adiendo un toque refrescante que deleita el paladar.<\/p>\n<table width=\"292\">\n<tbody>\n<tr>\n<td width=\"139\">Volume<\/td>\n<td width=\"153\">1 Liter<\/td>\n<\/tr>\n<tr>\n<td>Net Weight<\/td>\n<td>1315 gr.<\/td>\n<\/tr>\n<tr>\n<td>Gross Weight<\/td>\n<td>1998 gr.<\/td>\n<\/tr>\n<tr>\n<td>Pieces \/ carton<\/td>\n<td>6<\/td>\n<\/tr>\n<tr>\n<td>Carton \/ Pallet<\/td>\n<td>100<\/td>\n<\/tr>\n<tr>\n<td>Carton \/ 20 ft<\/td>\n<td>1000<\/td>\n<\/tr>\n<tr>\n<td>Carton \/ 40 ft<\/td>\n<td>2100<\/td>\n<\/tr>\n<tr>\n<td>Shelf Life<\/td>\n<td>3 years<\/td>\n<\/tr>\n<tr>\n<td>Languages<\/td>\n<td>English, Turkish, Arabic<\/td>\n<\/tr>\n<\/tbody>\n<\/table>\n","protected":false},"featured_media":6669,"comment_status":"closed","ping_status":"closed","template":"","meta":[],"product_brand":[],"product_cat":[],"product_tag":[301,302,327,328,329,306,330,331],"class_list":{"0":"post-6757","1":"product","2":"type-product","3":"status-publish","4":"has-post-thumbnail","6":"product_tag-artisanal-syrup-es","7":"product_tag-barico-syrup-es","8":"product_tag-cocktail-enhancement-es","9":"product_tag-creative-cooking-with-passion-fruit-es","10":"product_tag-exotic-culinary-ingredient-es","11":"product_tag-guilt-free-indulgence-es","12":"product_tag-passion-fruit-flavored-syrup-es","13":"product_tag-tropical-syrup-es","15":"first","16":"instock","17":"shipping-taxable","18":"product-type-simple"},"_links":{"self":[{"href":"https:\/\/inovexfoods.com\/es\/wp-json\/wp\/v2\/product\/6757","targetHints":{"allow":["GET"]}}],"collection":[{"href":"https:\/\/inovexfoods.com\/es\/wp-json\/wp\/v2\/product"}],"about":[{"href":"https:\/\/inovexfoods.com\/es\/wp-json\/wp\/v2\/types\/product"}],"replies":[{"embeddable":true,"href":"https:\/\/inovexfoods.com\/es\/wp-json\/wp\/v2\/comments?post=6757"}],"wp:featuredmedia":[{"embeddable":true,"href":"https:\/\/inovexfoods.com\/es\/wp-json\/wp\/v2\/media\/6669"}],"wp:attachment":[{"href":"https:\/\/inovexfoods.com\/es\/wp-json\/wp\/v2\/media?parent=6757"}],"wp:term":[{"taxonomy":"product_brand","embeddable":true,"href":"https:\/\/inovexfoods.com\/es\/wp-json\/wp\/v2\/product_brand?post=6757"},{"taxonomy":"product_cat","embeddable":true,"href":"https:\/\/inovexfoods.com\/es\/wp-json\/wp\/v2\/product_cat?post=6757"},{"taxonomy":"product_tag","embeddable":true,"href":"https:\/\/inovexfoods.com\/es\/wp-json\/wp\/v2\/product_tag?post=6757"}],"curies":[{"name":"wp","href":"https:\/\/api.w.org\/{rel}","templated":true}]}}