{"id":6747,"date":"2025-08-05T19:46:37","date_gmt":"2025-08-05T19:46:37","guid":{"rendered":"https:\/\/www.inovexfoods.com\/products\/barico-lemon-flavored-syrup\/"},"modified":"2025-08-05T19:53:52","modified_gmt":"2025-08-05T19:53:52","slug":"jarabe-con-sabor-a-limon-barico","status":"publish","type":"product","link":"https:\/\/inovexfoods.com\/es\/urun\/jarabe-con-sabor-a-limon-barico\/","title":{"rendered":"Jarabe con sabor a lim\u00f3n Barico"},"content":{"rendered":"<p>Jarabe de Lim\u00f3n Barico<br \/>\n\ud83c\udf4b Brillante, \u00c1cido y Refrescantemente Vibrante<\/p>\n<p>Dale energ\u00eda a tus bebidas y postres con la esencia fresca y \u00e1cida del Jarabe de Lim\u00f3n Barico. Rebosante de la frescura natural de los limones madurados al sol, este jarabe a\u00f1ade un toque c\u00edtrico vibrante que equilibra a la perfecci\u00f3n el dulzor y la acidez.<\/p>\n<p>Ideal para t\u00e9s helados, limonadas, c\u00f3cteles y c\u00f3cteles sin alcohol, tambi\u00e9n complementa pasteles, glaseados y postres de frutas con un toque refrescante. F\u00e1cil de mezclar y con un sabor consistente, el Jarabe de Lim\u00f3n Barico es el ingrediente secreto para realzar cada creaci\u00f3n.<\/p>\n<p>Perfecto para:<br \/>\n\u2013 T\u00e9s helados, limonadas y aguas con gas<br \/>\n\u2013 C\u00f3cteles, c\u00f3cteles sin alcohol y spritzers<br \/>\n\u2013 Smoothies, bebidas heladas y granizados<br \/>\n\u2013 Pasteles, glaseados y postres con infusi\u00f3n c\u00edtrica<\/p>\n<p>Dale un toque de sol a tu men\u00fa con el jarabe sabor lim\u00f3n Barico, donde un sabor vibrante se fusiona con una frescura pura.<\/p>\n<p><img fetchpriority=\"high\" decoding=\"async\" class=\"alignnone wp-image-536 size-full\" src=\"https:\/\/inovexfoods.com\/wp-content\/uploads\/2024\/01\/Blackberry-2.png\" alt=\"\" width=\"620\" height=\"955\" srcset=\"https:\/\/inovexfoods.com\/wp-content\/uploads\/2024\/01\/Blackberry-2.png 620w, https:\/\/inovexfoods.com\/wp-content\/uploads\/2024\/01\/Blackberry-2-300x462.png 300w, https:\/\/inovexfoods.com\/wp-content\/uploads\/2024\/01\/Blackberry-2-150x231.png 150w, https:\/\/inovexfoods.com\/wp-content\/uploads\/2024\/01\/Blackberry-2-600x924.png 600w, https:\/\/inovexfoods.com\/wp-content\/uploads\/2024\/01\/Blackberry-2-195x300.png 195w, https:\/\/inovexfoods.com\/wp-content\/uploads\/2024\/01\/Blackberry-2-8x12.png 8w\" sizes=\"(max-width: 620px) 100vw, 620px\" \/><\/p>\n","protected":false},"excerpt":{"rendered":"<p>Dale energ\u00eda a tus bebidas y postres con la esencia fresca y \u00e1cida del Jarabe de Lim\u00f3n Barico. Rebosante de la frescura natural de los limones madurados al sol, este jarabe a\u00f1ade un toque c\u00edtrico vibrante que equilibra a la perfecci\u00f3n el dulzor y la acidez.<\/p>\n<table width=\"292\">\n<tbody>\n<tr>\n<td width=\"139\">Volume<\/td>\n<td width=\"153\">1 Liter<\/td>\n<\/tr>\n<tr>\n<td>Net Weight<\/td>\n<td>1315 gr.<\/td>\n<\/tr>\n<tr>\n<td>Gross Weight<\/td>\n<td>1998 gr.<\/td>\n<\/tr>\n<tr>\n<td>Pieces \/ carton<\/td>\n<td>6<\/td>\n<\/tr>\n<tr>\n<td>Carton \/ Pallet<\/td>\n<td>100<\/td>\n<\/tr>\n<tr>\n<td>Carton \/ 20 ft<\/td>\n<td>1000<\/td>\n<\/tr>\n<tr>\n<td>Carton \/ 40 ft<\/td>\n<td>2100<\/td>\n<\/tr>\n<tr>\n<td>Shelf Life<\/td>\n<td>3 years<\/td>\n<\/tr>\n<tr>\n<td>Languages<\/td>\n<td>English, Turkish, Arabic<\/td>\n<\/tr>\n<\/tbody>\n<\/table>\n","protected":false},"featured_media":6745,"comment_status":"closed","ping_status":"closed","template":"","meta":[],"product_brand":[],"product_cat":[],"product_tag":[301,302,327,328,329,306,330,331],"class_list":{"0":"post-6747","1":"product","2":"type-product","3":"status-publish","4":"has-post-thumbnail","6":"product_tag-artisanal-syrup-es","7":"product_tag-barico-syrup-es","8":"product_tag-cocktail-enhancement-es","9":"product_tag-creative-cooking-with-passion-fruit-es","10":"product_tag-exotic-culinary-ingredient-es","11":"product_tag-guilt-free-indulgence-es","12":"product_tag-passion-fruit-flavored-syrup-es","13":"product_tag-tropical-syrup-es","15":"first","16":"instock","17":"shipping-taxable","18":"product-type-simple"},"_links":{"self":[{"href":"https:\/\/inovexfoods.com\/es\/wp-json\/wp\/v2\/product\/6747","targetHints":{"allow":["GET"]}}],"collection":[{"href":"https:\/\/inovexfoods.com\/es\/wp-json\/wp\/v2\/product"}],"about":[{"href":"https:\/\/inovexfoods.com\/es\/wp-json\/wp\/v2\/types\/product"}],"replies":[{"embeddable":true,"href":"https:\/\/inovexfoods.com\/es\/wp-json\/wp\/v2\/comments?post=6747"}],"wp:featuredmedia":[{"embeddable":true,"href":"https:\/\/inovexfoods.com\/es\/wp-json\/wp\/v2\/media\/6745"}],"wp:attachment":[{"href":"https:\/\/inovexfoods.com\/es\/wp-json\/wp\/v2\/media?parent=6747"}],"wp:term":[{"taxonomy":"product_brand","embeddable":true,"href":"https:\/\/inovexfoods.com\/es\/wp-json\/wp\/v2\/product_brand?post=6747"},{"taxonomy":"product_cat","embeddable":true,"href":"https:\/\/inovexfoods.com\/es\/wp-json\/wp\/v2\/product_cat?post=6747"},{"taxonomy":"product_tag","embeddable":true,"href":"https:\/\/inovexfoods.com\/es\/wp-json\/wp\/v2\/product_tag?post=6747"}],"curies":[{"name":"wp","href":"https:\/\/api.w.org\/{rel}","templated":true}]}}