{"id":6641,"date":"2024-11-02T08:54:09","date_gmt":"2024-11-02T08:54:09","guid":{"rendered":"https:\/\/www.inovexfoods.com\/products\/barico-caramel-professional-sauce-25-kg\/"},"modified":"2025-08-05T17:28:37","modified_gmt":"2025-08-05T17:28:37","slug":"salsa-de-caramelo-barico-25-kg","status":"publish","type":"product","link":"https:\/\/inovexfoods.com\/es\/urun\/salsa-de-caramelo-barico-25-kg\/","title":{"rendered":"Salsa de Caramelo Barico 2,5 Kg."},"content":{"rendered":"<p>Salsa Profesional de Caramelo Barico<\/p>\n<p>La Salsa Profesional de Caramelo Barico es una mezcla suave y dorada con un rico sabor a caramelo y una textura sedosa, dise\u00f1ada para satisfacer las necesidades de cafeter\u00edas, bares de postres y profesionales de la cocina. Su dulzura profunda y mantecosa a\u00f1ade un toque de lujo a una amplia variedad de bebidas y postres.<\/p>\n<p>Ideal para rociar sobre lattes, malteadas, helados y pasteles, o para mezclar en frapp\u00e9s y bebidas especiales, esta vers\u00e1til salsa realza cada creaci\u00f3n con un sabor a caramelo perfectamente equilibrado. F\u00e1cil de servir, f\u00e1cil de disfrutar: la Salsa Profesional de Caramelo Barico hace que cada momento sea un poco m\u00e1s indulgente.<\/p>\n<p>Perfecta para:<br \/>\n\u2013 Lattes de caramelo, macchiatos y chocolates calientes<br \/>\n\u2013 Helados, waffles y panqueques<br \/>\n\u2013 Pasteles, tartas y postres en plato<br \/>\n\u2013 Malteadas y bebidas licuadas<\/p>\n<p>Dale un rico toque de caramelo a tus creaciones con Barico.<\/p>\n","protected":false},"excerpt":{"rendered":"<p>La Salsa Profesional de Caramelo Barico es una mezcla suave y dorada con un rico sabor a caramelo y una textura sedosa, dise\u00f1ada para satisfacer las necesidades de cafeter\u00edas, bares de postres y profesionales de la cocina. Su dulzura profunda y mantecosa a\u00f1ade un toque de lujo a una amplia variedad de bebidas y postres.<\/p>\n","protected":false},"featured_media":2855,"comment_status":"closed","ping_status":"closed","template":"","meta":[],"product_brand":[],"product_cat":[],"product_tag":[],"class_list":{"0":"post-6641","1":"product","2":"type-product","3":"status-publish","4":"has-post-thumbnail","7":"first","8":"instock","9":"shipping-taxable","10":"product-type-simple"},"_links":{"self":[{"href":"https:\/\/inovexfoods.com\/es\/wp-json\/wp\/v2\/product\/6641","targetHints":{"allow":["GET"]}}],"collection":[{"href":"https:\/\/inovexfoods.com\/es\/wp-json\/wp\/v2\/product"}],"about":[{"href":"https:\/\/inovexfoods.com\/es\/wp-json\/wp\/v2\/types\/product"}],"replies":[{"embeddable":true,"href":"https:\/\/inovexfoods.com\/es\/wp-json\/wp\/v2\/comments?post=6641"}],"wp:featuredmedia":[{"embeddable":true,"href":"https:\/\/inovexfoods.com\/es\/wp-json\/wp\/v2\/media\/2855"}],"wp:attachment":[{"href":"https:\/\/inovexfoods.com\/es\/wp-json\/wp\/v2\/media?parent=6641"}],"wp:term":[{"taxonomy":"product_brand","embeddable":true,"href":"https:\/\/inovexfoods.com\/es\/wp-json\/wp\/v2\/product_brand?post=6641"},{"taxonomy":"product_cat","embeddable":true,"href":"https:\/\/inovexfoods.com\/es\/wp-json\/wp\/v2\/product_cat?post=6641"},{"taxonomy":"product_tag","embeddable":true,"href":"https:\/\/inovexfoods.com\/es\/wp-json\/wp\/v2\/product_tag?post=6641"}],"curies":[{"name":"wp","href":"https:\/\/api.w.org\/{rel}","templated":true}]}}