{"id":6626,"date":"2024-01-02T11:58:13","date_gmt":"2024-01-02T11:58:13","guid":{"rendered":"https:\/\/www.inovexfoods.com\/products\/barico-blueberry-flavored-syrup\/"},"modified":"2025-08-05T16:48:27","modified_gmt":"2025-08-05T16:48:27","slug":"barico-blueberry-flavored-syrup","status":"publish","type":"product","link":"https:\/\/inovexfoods.com\/es\/urun\/barico-blueberry-flavored-syrup\/","title":{"rendered":"Jarabe con sabor a ar\u00e1ndanos Barico"},"content":{"rendered":"<p>Jarabe de Ar\u00e1ndanos Barico<\/p>\n<p>El Jarabe de Ar\u00e1ndanos Barico es una explosi\u00f3n de deliciosa dulzura que realzar\u00e1 tus creaciones culinarias. Elaborado con esmero, este sofisticado jarabe captura la esencia de los jugosos ar\u00e1ndanos, a\u00f1adiendo un toque vibrante a tus platos y bebidas favoritas.<\/p>\n<p>Irresistible dicha de los ar\u00e1ndanos: Disfruta del delicioso sabor de los ar\u00e1ndanos maduros en cada gota del Jarabe de Ar\u00e1ndanos Barico. A\u00f1\u00e1delo a panqueques, waffles, helados, batidos y c\u00f3cteles sin alcohol para transformar momentos cotidianos en experiencias inolvidables.<\/p>\n<p>Un compa\u00f1ero culinario vers\u00e1til: Lleva tus creaciones culinarias al siguiente nivel con la versatilidad del Jarabe de Ar\u00e1ndanos Barico. Perfecto para endulzar desayunos cl\u00e1sicos, realzar postres o crear bebidas \u00fanicas, este jarabe ser\u00e1 imprescindible en cualquier cocina\/bar.<\/p>\n<p>Bondad natural sin concesiones: Elaborado con ingredientes selectos y sin jarabe de ma\u00edz de alta fructosa, el Jarabe de Ar\u00e1ndanos Barico ofrece un sabor puro y natural a ar\u00e1ndanos en cada porci\u00f3n. Disfruta del aut\u00e9ntico sabor de los ar\u00e1ndanos reci\u00e9n cosechados sin remordimientos. Infinitas posibilidades creativas en cada botella: Da rienda suelta a tu creatividad culinaria y experimenta con una variedad de recetas. Desde batidos de ar\u00e1ndanos hasta deliciosas salsas barbacoa, el jarabe de ar\u00e1ndanos Barico es tu puerta a la creatividad ilimitada en la cocina.<\/p>\n<p>Mejora tu d\u00eda a d\u00eda: Transforma tu rutina matutina, tus meriendas y tus caprichos nocturnos con el delicioso sabor de los ar\u00e1ndanos. El jarabe de ar\u00e1ndanos Barico a\u00f1ade un toque de sofisticaci\u00f3n a cualquier ocasi\u00f3n, convirtiendo los momentos cotidianos en inolvidables.<\/p>\n<p>Lleva tu experiencia culinaria al siguiente nivel con el jarabe de ar\u00e1ndanos Barico, tu ingrediente secreto que a\u00f1ade un toque de la riqueza natural de los ar\u00e1ndanos a cada plato y bebida. \u00a1P\u00eddelo ahora y que comience la aventura del sabor!<\/p>\n<p>&nbsp;<\/p>\n<p><img fetchpriority=\"high\" decoding=\"async\" class=\"alignnone wp-image-491 size-full\" src=\"https:\/\/inovexfoods.com\/wp-content\/uploads\/2024\/01\/blueberry-nutrition-facts.png\" alt=\"\" width=\"632\" height=\"964\" srcset=\"https:\/\/inovexfoods.com\/wp-content\/uploads\/2024\/01\/blueberry-nutrition-facts.png 632w, https:\/\/inovexfoods.com\/wp-content\/uploads\/2024\/01\/blueberry-nutrition-facts-300x458.png 300w, https:\/\/inovexfoods.com\/wp-content\/uploads\/2024\/01\/blueberry-nutrition-facts-150x229.png 150w, https:\/\/inovexfoods.com\/wp-content\/uploads\/2024\/01\/blueberry-nutrition-facts-600x915.png 600w, https:\/\/inovexfoods.com\/wp-content\/uploads\/2024\/01\/blueberry-nutrition-facts-197x300.png 197w, https:\/\/inovexfoods.com\/wp-content\/uploads\/2024\/01\/blueberry-nutrition-facts-8x12.png 8w\" sizes=\"(max-width: 632px) 100vw, 632px\" \/><\/p>\n<p>&nbsp;<\/p>\n<p>&nbsp;<\/p>\n<p>&nbsp;<\/p>\n<p>&nbsp;<\/p>\n<p>&nbsp;<\/p>\n","protected":false},"excerpt":{"rendered":"<p>El jarabe de ar\u00e1ndanos Barico es una deliciosa explosi\u00f3n de sabor que enriquecer\u00e1 tus creaciones culinarias. Este delicioso jarabe, cuidadosamente elaborado, ha absorbido la esencia de los jugosos ar\u00e1ndanos, a\u00f1adiendo un toque vibrante a tus platos y bebidas favoritos.<\/p>\n<table style=\"height: 295px;\" width=\"302\">\n<tbody>\n<tr>\n<td style=\"text-align: center;\" width=\"139\">Miktar<\/td>\n<td style=\"text-align: center;\" width=\"153\">1 Litre<\/td>\n<\/tr>\n<tr>\n<td style=\"text-align: center;\">Net A\u011f\u0131rl\u0131k<\/td>\n<td style=\"text-align: center;\">1315 gr.<\/td>\n<\/tr>\n<tr>\n<td style=\"text-align: center;\">Br\u00fct A\u011f\u0131rl\u0131k<\/td>\n<td style=\"text-align: center;\">1998 gr.<\/td>\n<\/tr>\n<tr>\n<td style=\"text-align: center;\">Adet \/ Koli<\/td>\n<td style=\"text-align: center;\">6<\/td>\n<\/tr>\n<tr>\n<td style=\"text-align: center;\">Koli\/PAlet<\/td>\n<td style=\"text-align: center;\">100<\/td>\n<\/tr>\n<tr>\n<td style=\"text-align: center;\">Koli \/ 20 ft<\/td>\n<td style=\"text-align: center;\">1000<\/td>\n<\/tr>\n<tr>\n<td style=\"text-align: center;\">Koli\/ 40 ft<\/td>\n<td style=\"text-align: center;\">2100<\/td>\n<\/tr>\n<tr>\n<td style=\"text-align: center;\">Raf \u00d6mr\u00fc<\/td>\n<td style=\"text-align: center;\">3 y\u0131l<\/td>\n<\/tr>\n<tr>\n<td style=\"text-align: center;\">Etiket Dilleri<\/td>\n<td style=\"text-align: center;\">\u0130ngilizce, T\u00fcrk\u00e7e, Arap\u00e7a<\/td>\n<\/tr>\n<\/tbody>\n<\/table>\n","protected":false},"featured_media":2370,"comment_status":"closed","ping_status":"closed","template":"","meta":[],"product_brand":[],"product_cat":[],"product_tag":[301,302,303,304,305,306,307,308],"class_list":{"0":"post-6626","1":"product","2":"type-product","3":"status-publish","4":"has-post-thumbnail","6":"product_tag-artisanal-syrup-es","7":"product_tag-barico-syrup-es","8":"product_tag-blueberry-flavored-syrup-es","9":"product_tag-breakfast-and-dessert-enhancement-es","10":"product_tag-creative-cooking-with-blueberries-es","11":"product_tag-guilt-free-indulgence-es","12":"product_tag-premium-syrup-es","13":"product_tag-versatile-culinary-ingredient-es","15":"first","16":"instock","17":"shipping-taxable","18":"product-type-simple"},"_links":{"self":[{"href":"https:\/\/inovexfoods.com\/es\/wp-json\/wp\/v2\/product\/6626","targetHints":{"allow":["GET"]}}],"collection":[{"href":"https:\/\/inovexfoods.com\/es\/wp-json\/wp\/v2\/product"}],"about":[{"href":"https:\/\/inovexfoods.com\/es\/wp-json\/wp\/v2\/types\/product"}],"replies":[{"embeddable":true,"href":"https:\/\/inovexfoods.com\/es\/wp-json\/wp\/v2\/comments?post=6626"}],"wp:featuredmedia":[{"embeddable":true,"href":"https:\/\/inovexfoods.com\/es\/wp-json\/wp\/v2\/media\/2370"}],"wp:attachment":[{"href":"https:\/\/inovexfoods.com\/es\/wp-json\/wp\/v2\/media?parent=6626"}],"wp:term":[{"taxonomy":"product_brand","embeddable":true,"href":"https:\/\/inovexfoods.com\/es\/wp-json\/wp\/v2\/product_brand?post=6626"},{"taxonomy":"product_cat","embeddable":true,"href":"https:\/\/inovexfoods.com\/es\/wp-json\/wp\/v2\/product_cat?post=6626"},{"taxonomy":"product_tag","embeddable":true,"href":"https:\/\/inovexfoods.com\/es\/wp-json\/wp\/v2\/product_tag?post=6626"}],"curies":[{"name":"wp","href":"https:\/\/api.w.org\/{rel}","templated":true}]}}