{"id":7095,"date":"2024-01-01T11:57:18","date_gmt":"2024-01-01T11:57:18","guid":{"rendered":"https:\/\/www.inovexfoods.com\/sample-page\/"},"modified":"2025-08-14T15:12:05","modified_gmt":"2025-08-14T15:12:05","slug":"sample-page","status":"publish","type":"page","link":"https:\/\/inovexfoods.com\/es\/","title":{"rendered":"Hogar"},"content":{"rendered":"\t\t<div data-elementor-type=\"wp-page\" data-elementor-id=\"7095\" class=\"elementor elementor-7095 elementor-2\">\n\t\t\t\t<div class=\"elementor-element elementor-element-15374e7 wd-section-stretch color-scheme-light e-flex e-con-boxed e-con e-parent\" data-id=\"15374e7\" data-element_type=\"container\" data-settings=\"{&quot;background_background&quot;:&quot;video&quot;,&quot;background_video_link&quot;:&quot;https:\\\/\\\/youtu.be\\\/_QHHpBYF_pQ&quot;,&quot;background_play_once&quot;:&quot;yes&quot;,&quot;background_play_on_mobile&quot;:&quot;yes&quot;}\">\n\t\t\t\t\t<div class=\"e-con-inner\">\n\t\t<div class=\"elementor-background-video-container\" aria-hidden=\"true\">\n\t\t\t\t\t\t\t<div class=\"elementor-background-video-embed\"><\/div>\n\t\t\t\t\t\t<\/div>\t\t<div class=\"elementor-element elementor-element-bd7399d elementor-widget elementor-widget-image\" data-id=\"bd7399d\" data-element_type=\"widget\" data-widget_type=\"image.default\">\n\t\t\t\t<div class=\"elementor-widget-container\">\n\t\t\t\t\t\t\t\t\t\t\t\t\t\t\t<img fetchpriority=\"high\" decoding=\"async\" width=\"215\" height=\"287\" src=\"https:\/\/inovexfoods.com\/wp-content\/uploads\/2024\/01\/Asset-1@4x.png\" class=\"attachment-large size-large wp-image-2066\" alt=\"\" srcset=\"https:\/\/inovexfoods.com\/wp-content\/uploads\/2024\/01\/Asset-1@4x.png 215w, https:\/\/inovexfoods.com\/wp-content\/uploads\/2024\/01\/Asset-1@4x-150x200.png 150w\" sizes=\"(max-width: 215px) 100vw, 215px\" \/>\t\t\t\t\t\t\t\t\t\t\t\t\t\t\t<\/div>\n\t\t\t\t<\/div>\n\t\t\t\t<div class=\"elementor-element elementor-element-00152ca elementor-widget elementor-widget-wd_title\" data-id=\"00152ca\" data-element_type=\"widget\" data-widget_type=\"wd_title.default\">\n\t\t\t\t<div class=\"elementor-widget-container\">\n\t\t\t\t\t\t\t<div class=\"title-wrapper set-mb-s reset-last-child wd-title-color-default wd-title-style-default wd-title-size-default text-center\">\n\n\t\t\t\n\t\t\t<div class=\"liner-continer\">\n\t\t\t\t<h4 class=\"woodmart-title-container title wd-fontsize-l\">Bienvenido al Mundo M\u00e1gico de los Sabores!<\/h4> \n\t\t\t\t\t\t\t<\/div>\n\n\t\t\t\t\t\t\t<div class=\"title-after_title set-cont-mb-s reset-last-child wd-fontsize-xs\">\n\t\t\t\t\tSum\u00e9rgete en un mundo de sabores tentadores, delicias arom\u00e1ticas e inspiraci\u00f3n culinaria!\t\t\t\t<\/div>\n\t\t\t\t\t<\/div>\n\t\t\t\t\t\t<\/div>\n\t\t\t\t<\/div>\n\t\t\t\t\t<\/div>\n\t\t\t\t<\/div>\n\t\t\t\t<\/div>\n\t\t","protected":false},"excerpt":{"rendered":"<p>Bienvenido al Mundo M\u00e1gico de los Sabores! Sum\u00e9rgete en un mundo de sabores tentadores, delicias arom\u00e1ticas e inspiraci\u00f3n culinaria!<\/p>\n","protected":false},"author":1,"featured_media":0,"parent":0,"menu_order":0,"comment_status":"closed","ping_status":"open","template":"","meta":{"footnotes":""},"class_list":["post-7095","page","type-page","status-publish","hentry"],"_links":{"self":[{"href":"https:\/\/inovexfoods.com\/es\/wp-json\/wp\/v2\/pages\/7095","targetHints":{"allow":["GET"]}}],"collection":[{"href":"https:\/\/inovexfoods.com\/es\/wp-json\/wp\/v2\/pages"}],"about":[{"href":"https:\/\/inovexfoods.com\/es\/wp-json\/wp\/v2\/types\/page"}],"author":[{"embeddable":true,"href":"https:\/\/inovexfoods.com\/es\/wp-json\/wp\/v2\/users\/1"}],"replies":[{"embeddable":true,"href":"https:\/\/inovexfoods.com\/es\/wp-json\/wp\/v2\/comments?post=7095"}],"version-history":[{"count":4,"href":"https:\/\/inovexfoods.com\/es\/wp-json\/wp\/v2\/pages\/7095\/revisions"}],"predecessor-version":[{"id":7099,"href":"https:\/\/inovexfoods.com\/es\/wp-json\/wp\/v2\/pages\/7095\/revisions\/7099"}],"wp:attachment":[{"href":"https:\/\/inovexfoods.com\/es\/wp-json\/wp\/v2\/media?parent=7095"}],"curies":[{"name":"wp","href":"https:\/\/api.w.org\/{rel}","templated":true}]}}